{"id":25116,"date":"2016-06-27T08:24:54","date_gmt":"2016-06-27T08:24:54","guid":{"rendered":"https:\/\/www.appliansys.com\/es\/?page_id=25116"},"modified":"2016-09-02T05:34:24","modified_gmt":"2016-09-02T05:34:24","slug":"practicas-laborales","status":"publish","type":"page","link":"https:\/\/www.appliansys.com\/es\/empresa\/carerras\/practicas-laborales\/","title":{"rendered":"Pr\u00e1cticas laborales"},"content":{"rendered":"<div style=\"float: right; width: 22%; margin-left: 4%; display: block; margin-bottom: 4px; margin-top: 4px; padding: 2%; background-color: #ffffff; border-radius: 10px; box-shadow: 2px 2px 2px #707070; line-height: 150%;\">Conozca c\u00f3mo se trabaja en nuestra empresa en la <a href=\"http:\/\/careers.www.appliansys.com\/\" target=\"_blank\">p\u00e1gina dedicada a oportunidades profesionales<\/a><\/div>\n<p>ApplianSys es una empresa emprendedora con sede en el Reino Unido que dise\u00f1a y comercializa appliances de servidor y que busca convertirse en el l\u00edder europeo en su campo. Para ello, necesitamos lograr la excelencia en todo lo que hacemos, para lo que necesitamos personas trabajadoras llenas de talento que podamos formar y puedan trabajar en destacados equipos.<\/p>\n<p>Con el fin de contribuir a mantener la excelencia en el futuro, ApplianSys invierte mucho tiempo y dinero en sus trabajadores en pr\u00e1cticas mediante un programa de formaci\u00f3n interno estructurado. Con nosotros, se beneficiar\u00e1 de unos excelentes itinerarios de formaci\u00f3n y aprendizaje. Obtendr\u00e1:<\/p>\n<ul>\n<li>Mucha formaci\u00f3n y atenci\u00f3n por parte del equipo de direcci\u00f3n y los supervisores<\/li>\n<li>R\u00e1pida exposici\u00f3n al negocio en el sentido m\u00e1s amplio<\/li>\n<li>La oportunidad de aprender y desarrollar destrezas comerciales reales junto con otros trabajadores en pr\u00e1cticas que est\u00e1n experimentando la misma curva de aprendizaje que usted<\/li>\n<li>Oportunidades para asumir m\u00e1s responsabilidades de un modo m\u00e1s r\u00e1pido y dar un impulso al inicio de su carrera profesional<\/li>\n<\/ul>\n<p>Ofrecemos formaci\u00f3n y aprendizaje en administraci\u00f3n de empresas y contabilidad, ventas y soporte de marketing, y TI.<\/p>\n<p>Si cree que est\u00e1 cualificado para este puesto, env\u00ede su CV y carta de presentaci\u00f3n a<a href=\"mailto:recruitment@appliansys.com?subject=Apprenticeship%20Role\"> recruitment@appliansys.com<\/a>. Todos los puestos se ofrecen en Coventry (Reino Unido) a menos que se indique algo distinto.<\/p>\n<p><img loading=\"lazy\" class=\"alignleft size-full wp-image-1752\" style=\"margin-top: 10px; margin-bottom: 10px;\" src=\"https:\/\/www.appliansys.com\/wp-content\/uploads\/2013\/04\/apprenticeships-logo.png\" alt=\"logotipo de formaci\u00f3n y aprendizaje\" width=\"250\" height=\"103\" \/><\/p>\n<p>&nbsp;<\/p>\n<p>&nbsp;<\/p>\n<p>&nbsp;<\/p>\n<p style=\"text-align: left;\"><em><a href=\"https:\/\/www.appliansys.com\/company\/employment\/\">&lt; Volver a ofertas de empleo<\/a><\/em><\/p>\n","protected":false},"excerpt":{"rendered":"<p>Conozca c\u00f3mo se trabaja en nuestra empresa en la p\u00e1gina dedicada a oportunidades profesionales ApplianSys es una empresa emprendedora con sede en el Reino Unido que dise\u00f1a y comercializa appliances de servidor y que busca convertirse en el l\u00edder europeo en su campo. Para ello, necesitamos lograr la excelencia en todo lo que hacemos, para [&hellip;]<\/p>\n","protected":false},"author":2,"featured_media":0,"parent":24141,"menu_order":0,"comment_status":"open","ping_status":"open","template":"template-page.php","meta":[],"_links":{"self":[{"href":"https:\/\/www.appliansys.com\/es\/wp-json\/wp\/v2\/pages\/25116"}],"collection":[{"href":"https:\/\/www.appliansys.com\/es\/wp-json\/wp\/v2\/pages"}],"about":[{"href":"https:\/\/www.appliansys.com\/es\/wp-json\/wp\/v2\/types\/page"}],"author":[{"embeddable":true,"href":"https:\/\/www.appliansys.com\/es\/wp-json\/wp\/v2\/users\/2"}],"replies":[{"embeddable":true,"href":"https:\/\/www.appliansys.com\/es\/wp-json\/wp\/v2\/comments?post=25116"}],"version-history":[{"count":0,"href":"https:\/\/www.appliansys.com\/es\/wp-json\/wp\/v2\/pages\/25116\/revisions"}],"up":[{"embeddable":true,"href":"https:\/\/www.appliansys.com\/es\/wp-json\/wp\/v2\/pages\/24141"}],"wp:attachment":[{"href":"https:\/\/www.appliansys.com\/es\/wp-json\/wp\/v2\/media?parent=25116"}],"curies":[{"name":"wp","href":"https:\/\/api.w.org\/{rel}","templated":true}]}}