{"id":25114,"date":"2016-06-27T08:24:07","date_gmt":"2016-06-27T08:24:07","guid":{"rendered":"https:\/\/www.appliansys.com\/es\/?page_id=25114"},"modified":"2016-09-02T05:35:09","modified_gmt":"2016-09-02T05:35:09","slug":"recien-licenciados","status":"publish","type":"page","link":"https:\/\/www.appliansys.com\/es\/empresa\/carerras\/recien-licenciados\/","title":{"rendered":"Reci\u00e9n licenciados"},"content":{"rendered":"<div style=\"float: right; width: 22%; margin-left: 4%; display: block; margin-bottom: 10px; margin-top: 0px; padding: 2%; background-color: #ffffff; border-radius: 10px; box-shadow: 2px 2px 2px #707070; line-height: 150%;\">Conozca como se trabaja en ApplianSys de la mano de nuestros actuales titulados <a href=\"http:\/\/careers.www.appliansys.com\/\" target=\"_blank\">aqu\u00ed<\/a><\/div>\n<p>ApplianSys es una empresa emprendedora con sede en el Reino Unido que dise\u00f1a y comercializa appliances de servidor y que busca convertirse en el l\u00edder europeo en su campo.<\/p>\n<p>Somos una empresa internacional que est\u00e1 experimentando un crecimiento muy r\u00e1pido y por eso buscamos graduados con talento que nos ayuden en nuestro negocio en las siguientes \u00e1reas: desarrollo de productos, soporte t\u00e9cnico, marketing, ventas y administraci\u00f3n de empresas.<\/p>\n<p>Independientemente de cu\u00e1l sea el \u00e1rea que m\u00e1s le interese, si busca formar parte de un programa exigente de formaci\u00f3n para graduados caracterizado por su enfoque sistem\u00e1tico con respecto al desarrollo y la formaci\u00f3n personal, nos gustar\u00eda conocerle.<\/p>\n<p>Buscamos personas que tengan un expediente acad\u00e9mico de sobresaliente o notable y que puedan demostrar que han logrado unos buenos resultados en otros puestos. Los aspirantes deben demostrar determinaci\u00f3n y compromiso, as\u00ed como contar con aptitudes para las comunicaciones y el trabajo en equipo. Para obtener m\u00e1s informaci\u00f3n sobre estos puestos, consulte el anuncio de cada puesto concreto en esta Web.<\/p>\n<p>Si cree que est\u00e1 cualificado para este puesto, env\u00ede su CV y carta de presentaci\u00f3n a<a href=\"mailto:recruitment@appliansys.com?subject=Graduate%20trainee%20Role\"> recruitment@appliansys.com<\/a>. Todos los puestos se ofrecen en Coventry (Reino Unido) a menos que se indique algo distinto.<\/p>\n<p>&nbsp;<\/p>\n<p><em><a href=\"https:\/\/www.appliansys.com\/company\/employment\/\">&lt; Volver a ofertas de empleo<\/a><\/em><\/p>\n","protected":false},"excerpt":{"rendered":"<p>Conozca como se trabaja en ApplianSys de la mano de nuestros actuales titulados aqu\u00ed ApplianSys es una empresa emprendedora con sede en el Reino Unido que dise\u00f1a y comercializa appliances de servidor y que busca convertirse en el l\u00edder europeo en su campo. Somos una empresa internacional que est\u00e1 experimentando un crecimiento muy r\u00e1pido y [&hellip;]<\/p>\n","protected":false},"author":2,"featured_media":0,"parent":24141,"menu_order":0,"comment_status":"open","ping_status":"open","template":"template-page.php","meta":[],"_links":{"self":[{"href":"https:\/\/www.appliansys.com\/es\/wp-json\/wp\/v2\/pages\/25114"}],"collection":[{"href":"https:\/\/www.appliansys.com\/es\/wp-json\/wp\/v2\/pages"}],"about":[{"href":"https:\/\/www.appliansys.com\/es\/wp-json\/wp\/v2\/types\/page"}],"author":[{"embeddable":true,"href":"https:\/\/www.appliansys.com\/es\/wp-json\/wp\/v2\/users\/2"}],"replies":[{"embeddable":true,"href":"https:\/\/www.appliansys.com\/es\/wp-json\/wp\/v2\/comments?post=25114"}],"version-history":[{"count":0,"href":"https:\/\/www.appliansys.com\/es\/wp-json\/wp\/v2\/pages\/25114\/revisions"}],"up":[{"embeddable":true,"href":"https:\/\/www.appliansys.com\/es\/wp-json\/wp\/v2\/pages\/24141"}],"wp:attachment":[{"href":"https:\/\/www.appliansys.com\/es\/wp-json\/wp\/v2\/media?parent=25114"}],"curies":[{"name":"wp","href":"https:\/\/api.w.org\/{rel}","templated":true}]}}