{"id":25112,"date":"2016-06-27T08:23:13","date_gmt":"2016-06-27T08:23:13","guid":{"rendered":"https:\/\/www.appliansys.com\/es\/?page_id=25112"},"modified":"2016-09-02T04:13:53","modified_gmt":"2016-09-02T04:13:53","slug":"responsable-de-ventas-junior","status":"publish","type":"page","link":"https:\/\/www.appliansys.com\/es\/empresa\/carerras\/responsable-de-ventas-junior\/","title":{"rendered":"Responsable de ventas junior"},"content":{"rendered":"<div style=\"float: right; width: 22%; margin-left: 4%; display: block; margin-bottom: 10px; margin-top: 0px; padding: 2%; background-color: #ffffff; border-radius: 10px; box-shadow: 2px 2px 2px #707070; line-height: 150%;\">Conozca como se trabaja en ApplianSys de la mano de nuestros actuales titulados <a href=\"http:\/\/sales-careers.www.appliansys.com\/\" target=\"_blank\">aqu\u00ed<\/a><\/div>\n<p>Es un licenciado universitario que sobresale. Sabe que los principales trabajos relacionados con las ventas en el sector de la TI son algunas de las oportunidades profesionales m\u00e1s preciadas. Cree que tiene el talento y el empuje necesarios para convertirse en un profesional con un alto rendimiento. La pregunta es: \u00bfPor d\u00f3nde empezar a escalar para llegar a la cima? \u00bfD\u00f3nde puede encontrar el punto de partida adecuado y al mismo tiempo la oportunidad de progresar de manera r\u00e1pida? \u00a1No busque m\u00e1s! Este puesto cumple todas las expectativas:<\/p>\n<ul>\n<li>Aprenda a dominar el tipo de venta que requieren los trabajos de m\u00e1s alto nivel del sector de la TI: sofisticada, consultiva, apoyada en relaciones, compleja, rigurosa, exigente<\/li>\n<li>Posici\u00f3nese en el tipo de venta adecuado para ser as\u00ed bien remunerado, internacional, importante<\/li>\n<li>Pase a formar parte de una empresa apasionante: \u226b100% de crecimiento anual, clientes en 130 pa\u00edses, suficientemente peque\u00f1a para darle responsabilidades, suficientemente grande para seguir siendo ambiciosa<\/li>\n<li>Trabaje en un equipo peque\u00f1o cuyos miembros poseen una gran experiencia y una acreditada trayectoria en ventas a nivel mundial, y reciba la mejor formaci\u00f3n de su clase<\/li>\n<li>La r\u00e1pida exposici\u00f3n a nuevos retos y responsabilidades se traduce en una progresi\u00f3n profesional r\u00e1pida y un alto potencial de lograr altos ingresos<\/li>\n<\/ul>\n<p>ApplianSys tiene varios puestos vacantes para reci\u00e9n licenciados y personal de ventas senior. Formar\u00e1 parte de una empresa joven que se est\u00e1 expandiendo r\u00e1pidamente en el mercado internacional de los appliances de servidor.<\/p>\n<p><strong><em>Qu\u00e9 buscamos<\/em><\/strong><br \/>\nApplianSys est\u00e1 buscando personas que tengan el m\u00e1ximo potencial y quieran ser formadas para convertirse en unos profesionales destacados de las ventas.<\/p>\n<p>Estos puestos resultan especialmente adecuados para reci\u00e9n graduados o personas con 1 o 2 a\u00f1os de experiencia. Debe tener un expediente acad\u00e9mico de sobresaliente o notable y aportar otras pruebas que demuestren sus buenos resultados en otras disciplinas (por ejemplo, deportes, m\u00fasica, etc.). Necesita convencernos de que tiene madera para convertirse en un excelente vendedor:<\/p>\n<ul>\n<li>Determinaci\u00f3n, energ\u00eda, tenacidad y compromiso con la excelencia<\/li>\n<li>Inteligencia e intelecto. Capaz de enfrentarse a problemas complejos con un planteamiento anal\u00edtico s\u00f3lido y una combinaci\u00f3n ganadora de pensamiento l\u00f3gico y sentido com\u00fan pr\u00e1ctico<\/li>\n<li>Habilidades comunicativas excelentes tanto a nivel escrito como verbal<\/li>\n<li>Trabajo en equipo y habilidades interpersonales<\/li>\n<\/ul>\n<p>Es probable que tenga ventaja si:<\/p>\n<ul>\n<li>Ha estudiado alguna disciplina relacionada con ciencias empresariales\/marketing y\/o TI\/Inform\u00e1tica<\/li>\n<li>Tiene fluidez en un idioma extranjero, especialmente franc\u00e9s, \u00e1rabe, portugu\u00e9s o espa\u00f1ol<\/li>\n<li>Puede demostrar que desempe\u00f1\u00f3 con \u00e9xito un puesto de ventas con anterioridad<\/li>\n<\/ul>\n<p>Si cree que est\u00e1 cualificado para este puesto, env\u00ede su CV y carta de presentaci\u00f3n a<a href=\"mailto:recruitment@appliansys.com?subject=Junior%20Sales%20Executive%20Role\"> recruitment@appliansys.com<\/a>. Todos los puestos se ofrecen en Coventry (Reino Unido) a menos que se indique algo distinto.<\/p>\n<p>&nbsp;<\/p>\n<p><em><a href=\"https:\/\/www.appliansys.com\/company\/employment\/\">&lt; Volver a ofertas de empleo<\/a><\/em><\/p>\n","protected":false},"excerpt":{"rendered":"<p>Conozca como se trabaja en ApplianSys de la mano de nuestros actuales titulados aqu\u00ed Es un licenciado universitario que sobresale. Sabe que los principales trabajos relacionados con las ventas en el sector de la TI son algunas de las oportunidades profesionales m\u00e1s preciadas. Cree que tiene el talento y el empuje necesarios para convertirse en [&hellip;]<\/p>\n","protected":false},"author":2,"featured_media":0,"parent":24141,"menu_order":0,"comment_status":"open","ping_status":"open","template":"template-page.php","meta":[],"_links":{"self":[{"href":"https:\/\/www.appliansys.com\/es\/wp-json\/wp\/v2\/pages\/25112"}],"collection":[{"href":"https:\/\/www.appliansys.com\/es\/wp-json\/wp\/v2\/pages"}],"about":[{"href":"https:\/\/www.appliansys.com\/es\/wp-json\/wp\/v2\/types\/page"}],"author":[{"embeddable":true,"href":"https:\/\/www.appliansys.com\/es\/wp-json\/wp\/v2\/users\/2"}],"replies":[{"embeddable":true,"href":"https:\/\/www.appliansys.com\/es\/wp-json\/wp\/v2\/comments?post=25112"}],"version-history":[{"count":0,"href":"https:\/\/www.appliansys.com\/es\/wp-json\/wp\/v2\/pages\/25112\/revisions"}],"up":[{"embeddable":true,"href":"https:\/\/www.appliansys.com\/es\/wp-json\/wp\/v2\/pages\/24141"}],"wp:attachment":[{"href":"https:\/\/www.appliansys.com\/es\/wp-json\/wp\/v2\/media?parent=25112"}],"curies":[{"name":"wp","href":"https:\/\/api.w.org\/{rel}","templated":true}]}}