{"id":25110,"date":"2016-06-27T08:22:17","date_gmt":"2016-06-27T08:22:17","guid":{"rendered":"https:\/\/www.appliansys.com\/es\/?page_id=25110"},"modified":"2016-09-02T05:35:17","modified_gmt":"2016-09-02T05:35:17","slug":"responsable-de-marketing-senior","status":"publish","type":"page","link":"https:\/\/www.appliansys.com\/es\/empresa\/carerras\/responsable-de-marketing-senior\/","title":{"rendered":"Responsable de marketing senior"},"content":{"rendered":"<p>Si es un profesional que tiene un alto rendimiento y posee una amplia experiencia en el marketing de tecnolog\u00eda, esta es su ocasi\u00f3n para dar un gran impulso a su carrera profesional en el marketing B2B en una empresa con sede en Coventry que:<\/p>\n<ul>\n<li>Est\u00e1 verdaderamente orientada al marketing y en la que esta mentalidad est\u00e1 presente en toda la organizaci\u00f3n.<\/li>\n<li>Est\u00e1 creciendo r\u00e1pido por todo el mundo, con clientes en 135 pa\u00edses, una nueva oficina en Texas y varias familias de productos nuevos a punto de salir al mercado.<\/li>\n<li>Cuenta con un personal joven e internacional que apuesta por una cultura en la que se valora el progreso, el apoyo y el disfrute mientras se trabaja.<\/li>\n<li>Dispone de un equipo de marketing competente y colaborador.<\/li>\n<\/ul>\n<p>Para afrontar las cada vez mayores cargas de trabajo, ApplianSys est\u00e1 buscando un ejecutivo de marketing que posea experiencia pr\u00e1ctica en el marketing de productos y conozca el sector, idealmente con una dimensi\u00f3n internacional. Para desempe\u00f1ar este puesto se requiere capacidad para trabajar en todas las disciplinas del marketing y de las comunicaciones, y, en particular, ser capaz de asumir responsabilidades en la gesti\u00f3n estrat\u00e9gica de productos. Pasar\u00e1 a formar parte del equipo de marketing conjuntamente con otro ejecutivo experto en marketing.<\/p>\n<p>Para poder desbancar a otros competidores m\u00e1s grandes y dotados de mejores recursos, ApplianSys debe superarles con la inteligencia. Para lograr el \u00e9xito se necesitan altos niveles de marketing junto con un pensamiento estrat\u00e9gico riguroso y la capacidad de llevar a cabo campa\u00f1as de marketing que aprovechen al m\u00e1ximo las oportunidades de ApplianSys. Somos una empresa verdaderamente global y, como tal, la funci\u00f3n de marketing debe tener una mentalidad abierta a lo internacional y ser capaz de identificarse con personas de cualquier rinc\u00f3n del mundo y de operar en varios idiomas.<\/p>\n<p>En este puesto estar\u00e1 expuesto a todos los aspectos del marketing y tendr\u00e1 la oportunidad de desarrollarse personalmente, asumir responsabilidades, ser recompensado y disfrutar de una progresi\u00f3n muy r\u00e1pida, y la ocasi\u00f3n de tener una amplia repercusi\u00f3n en un negocio emocionante caracterizado por su alto crecimiento y donde el marketing est\u00e1 en el ADN. El r\u00e1pido crecimiento de esta empresa ofrece muchas oportunidades para ascender a puestos de direcci\u00f3n.<\/p>\n<p><strong>Responsabilidades del puesto<\/strong><\/p>\n<p>Contribuir\u00e1 de manera significativa a definir y proporcionar un programa de comunicaciones amplio y coherente as\u00ed como a desarrollar packs completos de material de ventas y material para prestar apoyo a los canales de distribuci\u00f3n. Adem\u00e1s, como miembro senior del equipo, una de sus responsabilidades clave es impulsar la actividad relacionada con la gesti\u00f3n estrat\u00e9gica de los productos.<\/p>\n<p>Participar\u00e1 en investigaciones de mercado, inteligencia competitiva, la elaboraci\u00f3n de planes de marketing, el desarrollo de productos, el dise\u00f1o y la producci\u00f3n de materiales de comunicaci\u00f3n y soporte, la gesti\u00f3n y el desarrollo de sitios web, marketing directo, relaciones p\u00fablicas y marketing de guerrilla.<\/p>\n<p>Una vez afianzado, con toda seguridad contribuir\u00e1 de manera notable al desarrollo general de la empresa m\u00e1s all\u00e1 del marketing propiamente dicho.<\/p>\n<p><strong>Qu\u00e9 buscamos<\/strong><\/p>\n<p>Alto rendimiento demostrable<\/p>\n<ul>\n<li>Entre 5 y 10 a\u00f1os de experiencia en un puesto de comunicaciones de marketing multidisciplinar; una parte significativa de estos a\u00f1os deben haberse dedicado a la TI B2B, idealmente en el sector de las redes.<\/li>\n<li>Licenciatura en empresariales o marketing; alternativamente un expediente acad\u00e9mico de al menos notable; demostraci\u00f3n con pruebas de haber logrado unas buenas notas en otro tipo de titulaci\u00f3n o m\u00e1s cualificaciones profesionales. Los aspirantes que tambi\u00e9n hayan estudiado alguna disciplina relacionada con la inform\u00e1tica\/TI como parte de sus titulaciones tambi\u00e9n tendr\u00e1n una ventaja adicional.<\/li>\n<\/ul>\n<p>Los candidatos elegidos deben demostrar de una manera convincente que poseen:<\/p>\n<ul>\n<li>Inteligencia e intelecto. En particular, ser capaces de enfrentarse a problemas complejos haciendo uso de un planeamiento s\u00f3lido, riguroso y anal\u00edtico as\u00ed como una comunicaci\u00f3n estructurada excelente<\/li>\n<li>Habilidades comunicativas excelentes tanto a nivel escrito como verbal.<\/li>\n<li>Determinaci\u00f3n, energ\u00eda, tenacidad y compromiso con la excelencia<\/li>\n<li>Excelentes capacidades de trabajo en equipo y liderazgo<\/li>\n<\/ul>\n<p>Adem\u00e1s, los candidatos tendr\u00e1n cierta ventaja si poseen:<\/p>\n<ul>\n<li>Amplia experiencia en redes en el sector de la TI, entre el canal, proveedores de marketing y en mercados objetivo.<\/li>\n<li>Clara ventaja para los candidatos que tengan fluidez en idiomas extranjeros, especialmente franc\u00e9s, \u00e1rabe, portugu\u00e9s, espa\u00f1ol<\/li>\n<\/ul>\n<p><strong>C\u00f3mo solicitar este puesto<\/strong><\/p>\n<p>Si cree que est\u00e1 cualificado para este puesto, env\u00ede su CV a recruitment@appliansys.com<\/p>\n<p>Por favor, incluya una carta de presentaci\u00f3n en la que se explique:<\/p>\n<ul>\n<li>\u00bfPor qu\u00e9 est\u00e1 interesado en ese puesto en particular?<\/li>\n<li>\u00bfCu\u00e1les son sus puntos fuertes m\u00e1s destacados que le permiten sobresalir como candidato?<\/li>\n<\/ul>\n<p><em><a href=\"https:\/\/www.appliansys.com\/company\/employment\/\">&lt; Volver a ofertas de empleo<\/a><\/em><\/p>\n","protected":false},"excerpt":{"rendered":"<p>Si es un profesional que tiene un alto rendimiento y posee una amplia experiencia en el marketing de tecnolog\u00eda, esta es su ocasi\u00f3n para dar un gran impulso a su carrera profesional en el marketing B2B en una empresa con sede en Coventry que: Est\u00e1 verdaderamente orientada al marketing y en la que esta mentalidad [&hellip;]<\/p>\n","protected":false},"author":2,"featured_media":0,"parent":24141,"menu_order":0,"comment_status":"open","ping_status":"open","template":"template-page.php","meta":[],"_links":{"self":[{"href":"https:\/\/www.appliansys.com\/es\/wp-json\/wp\/v2\/pages\/25110"}],"collection":[{"href":"https:\/\/www.appliansys.com\/es\/wp-json\/wp\/v2\/pages"}],"about":[{"href":"https:\/\/www.appliansys.com\/es\/wp-json\/wp\/v2\/types\/page"}],"author":[{"embeddable":true,"href":"https:\/\/www.appliansys.com\/es\/wp-json\/wp\/v2\/users\/2"}],"replies":[{"embeddable":true,"href":"https:\/\/www.appliansys.com\/es\/wp-json\/wp\/v2\/comments?post=25110"}],"version-history":[{"count":0,"href":"https:\/\/www.appliansys.com\/es\/wp-json\/wp\/v2\/pages\/25110\/revisions"}],"up":[{"embeddable":true,"href":"https:\/\/www.appliansys.com\/es\/wp-json\/wp\/v2\/pages\/24141"}],"wp:attachment":[{"href":"https:\/\/www.appliansys.com\/es\/wp-json\/wp\/v2\/media?parent=25110"}],"curies":[{"name":"wp","href":"https:\/\/api.w.org\/{rel}","templated":true}]}}