{"id":25108,"date":"2016-06-27T08:21:15","date_gmt":"2016-06-27T08:21:15","guid":{"rendered":"https:\/\/www.appliansys.com\/es\/?page_id=25108"},"modified":"2016-09-02T05:33:32","modified_gmt":"2016-09-02T05:33:32","slug":"ingeniero-de-soporte-junior","status":"publish","type":"page","link":"https:\/\/www.appliansys.com\/es\/empresa\/carerras\/ingeniero-de-soporte-junior\/","title":{"rendered":"Ingeniero de soporte junior"},"content":{"rendered":"<div style=\"float: right; width: 22%; margin-left: 4%; display: block; margin-bottom: 10px; margin-top: 0px; padding: 2%; background-color: #ffffff; border-radius: 10px; box-shadow: 2px 2px 2px #707070; line-height: 150%;\">Conozca como se trabaja en ApplianSys de la mano de nuestros actuales titulados <a href=\"http:\/\/careers.www.appliansys.com\/\" target=\"_blank\">aqu\u00ed<\/a><\/div>\n<p>\u00bfQuiere trabajar en un campo relacionado con las redes?<br \/>\n\u00bfLe apasiona trabajar con Linux y tecnolog\u00edas de c\u00f3digo abierto?<br \/>\n\u00bfDisfruta interactuando con las personas?<br \/>\n\u00bfPosee los conocimientos t\u00e9cnicos de un genio de la inform\u00e1tica y el don de gentes de un diplomado?<\/p>\n<p>Los ingenieros de ApplianSys ya prestan ayuda a clientes de m\u00e1s de 135 pa\u00edses, muchos de ellos pa\u00edses en desarrollo, y usan sus productos para construir y mejorar sus redes, lo que permite que Internet sea m\u00e1s eficaz en el mundo en v\u00edas de desarrollo y se posibilite la mejora de la educaci\u00f3n de los ni\u00f1os en cualquier lugar del planeta.<\/p>\n<p>Si busca un trabajo como ingeniero que combine la satisfacci\u00f3n en su trabajo con una importante mejora de su carrera profesional, ApplianSys puede ser el lugar que est\u00e1 buscando.<\/p>\n<p><strong>Responsabilidades del puesto<\/strong><br \/>\nAl principio ser\u00e1 responsable del soporte t\u00e9cnico postventa rutinario (primera y segunda l\u00ednea) que se encarga de resolver los problemas de los clientes. Contribuir\u00e1 a las pruebas de los productos que se desarrollen. Conforme avance hacia el puesto de ingeniero senior, se har\u00e1 cargo de otras responsabilidades m\u00e1s complejas relacionadas con el soporte postventa de tercera l\u00ednea y participar\u00e1 en el soporte t\u00e9cnico preventa en la medida en que as\u00ed lo determinen sus aptitudes e intereses concretos.<\/p>\n<p><strong>Qu\u00e9 buscamos<\/strong><br \/>\nIngenieros de soporte junior de dos niveles: a) con al menos 2 a\u00f1os de experiencia laboral en un puesto de redes o similar\u00a0 b) reci\u00e9n licenciados que buscan su primer trabajo.<\/p>\n<p>El candidato <span style=\"text-decoration: underline;\">ideal<\/span> poseer\u00e1 una titulaci\u00f3n (con un expediente acad\u00e9mico m\u00ednimo de notable) en una disciplina especializada relacionada con las redes o deber\u00e1 haber realizado cursos m\u00e1s generales sobre inform\u00e1tica que incluyan una cantidad significativa de contenido sobre tecnolog\u00edas relacionadas con las redes e Internet.<\/p>\n<p>Debe contar con unas habilidades excelentes tanto t\u00e9cnicas como interpersonales.<\/p>\n<p>Es esencial que sea\/tenga:<\/p>\n<ul>\n<li>Amplia <strong>experiencia pr\u00e1ctica<\/strong> en <strong>redes<\/strong> IP e idealmente en aplicaciones de c\u00f3digo abierto como Apache, DNS, DHCP, Squid, etc.)<\/li>\n<li>Excelentes habilidades interpersonales y comunicativas con los clientes<\/li>\n<li>Amplia experiencia en <strong>Linux<\/strong> (preferentemente) o Unix.<\/li>\n<li>Experiencia con hardware x86<\/li>\n<li>Meticuloso, organizado; se debe sentir c\u00f3modo en entornos multitarea.\u00a0 Capaz de soportar la presi\u00f3n y de trabajar con plazos muy ajustados. Debe estar muy orientado al cliente o tener la personalidad id\u00f3nea para desarrollar esta faceta de una manera r\u00e1pida con la ayuda adecuada.<\/li>\n<li>Las aptitudes y motivaciones generales que se esperan para el trabajo en equipo en una empresa emprendedora<\/li>\n<\/ul>\n<p>Seguramente tendr\u00e1 una ventaja notable si tiene fluidez en un idioma extranjero, especialmente franc\u00e9s, \u00e1rabe, portugu\u00e9s o espa\u00f1ol.<\/p>\n<p>Si cree que est\u00e1 cualificado para este puesto, env\u00ede su CV y carta de presentaci\u00f3n a href=\u00bbmailto:recruitment@appliansys.com?subject=Junior%20support%20engineer%20Role\u00bb&gt; recruitment@appliansys.com. Todos los puestos se ofrecen en Coventry (Reino Unido) a menos que se indique algo distinto.<\/p>\n<p>&nbsp;<\/p>\n<p><em><a href=\"https:\/\/www.appliansys.com\/company\/employment\/\">&lt; Volver a ofertas de empleo<\/a><\/em><\/p>\n","protected":false},"excerpt":{"rendered":"<p>Conozca como se trabaja en ApplianSys de la mano de nuestros actuales titulados aqu\u00ed \u00bfQuiere trabajar en un campo relacionado con las redes? \u00bfLe apasiona trabajar con Linux y tecnolog\u00edas de c\u00f3digo abierto? \u00bfDisfruta interactuando con las personas? \u00bfPosee los conocimientos t\u00e9cnicos de un genio de la inform\u00e1tica y el don de gentes de un [&hellip;]<\/p>\n","protected":false},"author":2,"featured_media":0,"parent":24141,"menu_order":0,"comment_status":"open","ping_status":"open","template":"template-page.php","meta":[],"_links":{"self":[{"href":"https:\/\/www.appliansys.com\/es\/wp-json\/wp\/v2\/pages\/25108"}],"collection":[{"href":"https:\/\/www.appliansys.com\/es\/wp-json\/wp\/v2\/pages"}],"about":[{"href":"https:\/\/www.appliansys.com\/es\/wp-json\/wp\/v2\/types\/page"}],"author":[{"embeddable":true,"href":"https:\/\/www.appliansys.com\/es\/wp-json\/wp\/v2\/users\/2"}],"replies":[{"embeddable":true,"href":"https:\/\/www.appliansys.com\/es\/wp-json\/wp\/v2\/comments?post=25108"}],"version-history":[{"count":0,"href":"https:\/\/www.appliansys.com\/es\/wp-json\/wp\/v2\/pages\/25108\/revisions"}],"up":[{"embeddable":true,"href":"https:\/\/www.appliansys.com\/es\/wp-json\/wp\/v2\/pages\/24141"}],"wp:attachment":[{"href":"https:\/\/www.appliansys.com\/es\/wp-json\/wp\/v2\/media?parent=25108"}],"curies":[{"name":"wp","href":"https:\/\/api.w.org\/{rel}","templated":true}]}}