{"id":25106,"date":"2016-06-27T08:20:01","date_gmt":"2016-06-27T08:20:01","guid":{"rendered":"https:\/\/www.appliansys.com\/es\/?page_id=25106"},"modified":"2016-09-02T05:33:09","modified_gmt":"2016-09-02T05:33:09","slug":"ingeniero-de-soporte-senior","status":"publish","type":"page","link":"https:\/\/www.appliansys.com\/es\/empresa\/carerras\/ingeniero-de-soporte-senior\/","title":{"rendered":"Ingeniero de soporte senior"},"content":{"rendered":"<ul>\n<li>\u00bfPosee una amplia experiencia como ingeniero de soporte?<\/li>\n<li>\u00bfDisfruta cuando es reconocido como un experto y un verdadero profesional?<\/li>\n<li>\u00bfDisfruta siendo un l\u00edder t\u00e9cnico?<\/li>\n<li>\u00bfPosee los conocimientos t\u00e9cnicos de un genio de la inform\u00e1tica y el don de gentes de un diplomado?<\/li>\n<li>\u00bfDisfruta trabajando delante de los clientes y resolviendo sus problemas?<\/li>\n<\/ul>\n<p>Esta es una oportunidad para un ingeniero de soporte que quiera trabajar para una empresa que se est\u00e1 expandiendo r\u00e1pidamente en el mercado de los appliances para redes a nivel mundial. Ya somos l\u00edderes en sectores clave y nuestras ventas est\u00e1n creciendo a pasos agigantados. Con una nueva familia de productos a punto de salir al mercado, una nueva oficina en Texas y una red de distribuidores internacional en expansi\u00f3n, necesitamos m\u00e1s ingenieros de soporte con una clara orientaci\u00f3n a las ventas para crecer incluso todav\u00eda m\u00e1s r\u00e1pido.<\/p>\n<p>Los ingenieros de ApplianSys ya prestan ayuda a clientes de m\u00e1s de 135 pa\u00edses, muchos de ellos pa\u00edses en desarrollo, y usan sus productos para construir y mejorar sus redes, lo que permite que Internet sea m\u00e1s eficaz en el mundo en v\u00edas de desarrollo y se posibilite la mejora de la educaci\u00f3n de los ni\u00f1os en cualquier lugar del planeta.<\/p>\n<p>La cultura de la empresa es ambiciosa y exigente, y se basa claramente en la excelencia. Tiene como una de sus metas servir de apoyo, poniendo en este sentido un \u00e9nfasis especial sobre el crecimiento personal, y tambi\u00e9n fomentar la amistad y los valores de equipo.<\/p>\n<p><strong><em>Informaci\u00f3n acerca de usted<\/em><\/strong><\/p>\n<p>Como ingeniero de redes especializado, le gusta ser reconocido como un experto y un verdadero profesional, y disfruta trabajando delante de los clientes y resolviendo sus problemas.<\/p>\n<p>Idealmente tendr\u00e1 5 a\u00f1os de experiencia en redes.<\/p>\n<p>Si ese es usted, \u00a1tiene una oportunidad de dar un nuevo impulso a su carrera profesional!<\/p>\n<p><strong><em>Responsabilidades del puesto<\/em><\/strong><br \/>\nSus principales responsabilidades ser\u00e1n:<\/p>\n<ul>\n<li>Soporte preventa capaz de ofrecer experiencia t\u00e9cnica para las iniciativas de ventas, expectativas de ventas, clientes y socios de canal. Interactuar principalmente de manera remota a trav\u00e9s del tel\u00e9fono, la Web y el correo electr\u00f3nico; el soporte incluye soluciones t\u00e9cnicas de arquitectura, aportaciones t\u00e9cnicas en todas las fases del ciclo de venta, prestar apoyo a los responsables de ventas en reuniones cara a cara y online, y llevar a cabo demostraciones y presentaciones de productos<\/li>\n<li>Soporte t\u00e9cnico postventa avanzado que ofrezca soporte competente de segunda l\u00ednea de manera inmediata y convertirse r\u00e1pidamente en un experto (tercera l\u00ednea) en los productos seleccionados<\/li>\n<\/ul>\n<p><strong><em>Qu\u00e9 buscamos<\/em><\/strong><br \/>\nIngenieros que supongan una verdadera autoridad para los clientes gracias a su dominio del sector de las redes y sus excelentes dotes para tratar con los clientes.<\/p>\n<p>El candidato <span style=\"text-decoration: underline;\">ideal<\/span> habr\u00e1 trabajado previamente como ingeniero de soporte de ventas y poseer\u00e1 una titulaci\u00f3n (con un expediente acad\u00e9mico m\u00ednimo de notable) en una disciplina especializada relacionada con las redes o deber\u00e1 haber realizado cursos m\u00e1s generales sobre inform\u00e1tica que incluyan una cantidad significativa de contenido sobre tecnolog\u00edas relacionadas con las redes e Internet.<\/p>\n<p>Debe contar con unas habilidades excelentes tanto t\u00e9cnicas como interpersonales.<\/p>\n<p>Es esencial que:<\/p>\n<ul>\n<li>Cuente con unas habilidades excelentes tanto t\u00e9cnicas como interpersonales.<\/li>\n<li>Domine las redes como fruto de su experiencia con una gran variedad de redes en el mundo real<\/li>\n<li>Posea experiencia con routers y conmutadores de la marca Cisco<\/li>\n<li>Domine Linux<\/li>\n<li>Tenga habilidades anal\u00edticas y de resoluci\u00f3n de problemas<\/li>\n<li>Disfrute trabajando dentro de un equipo din\u00e1mico en un ambiente emprendedor<\/li>\n<\/ul>\n<p>Tendr\u00e1 una gran ventaja si posee:<\/p>\n<ul>\n<li>Fluidez en un idioma extranjero, espec\u00edficamente en franc\u00e9s, \u00e1rabe, portugu\u00e9s o espa\u00f1ol<\/li>\n<li>Experiencia con la configuraci\u00f3n e implementaci\u00f3n de DNS y DHCP. Experiencia con diversos tipos de appliances de red<\/li>\n<li>Idealmente deber\u00eda poseer una titulaci\u00f3n en una disciplina especializada relacionada con las redes o haber realizado cursos m\u00e1s generales sobre inform\u00e1tica que incluyan una cantidad notable de contenido sobre tecnolog\u00edas relacionadas con las redes e Internet<\/li>\n<li>Experiencia en preventas<\/li>\n<\/ul>\n<p>Si cree que est\u00e1 cualificado para este puesto, env\u00ede su CV y carta de presentaci\u00f3n a<a href=\"mailto:recruitment@appliansys.com?subject=Senior%20Support%20Engineer%20Role\"> recruitment@appliansys.com<\/a>. Todos los puestos se ofrecen en Coventry (Reino Unido) a menos que se indique algo distinto.<\/p>\n<p>&nbsp;<\/p>\n<p><em><a href=\"https:\/\/www.appliansys.com\/company\/employment\/\">&lt; Volver a ofertas de empleo<\/a><\/em><\/p>\n","protected":false},"excerpt":{"rendered":"<p>\u00bfPosee una amplia experiencia como ingeniero de soporte? \u00bfDisfruta cuando es reconocido como un experto y un verdadero profesional? \u00bfDisfruta siendo un l\u00edder t\u00e9cnico? \u00bfPosee los conocimientos t\u00e9cnicos de un genio de la inform\u00e1tica y el don de gentes de un diplomado? \u00bfDisfruta trabajando delante de los clientes y resolviendo sus problemas? Esta es una [&hellip;]<\/p>\n","protected":false},"author":2,"featured_media":0,"parent":24141,"menu_order":0,"comment_status":"open","ping_status":"open","template":"template-page.php","meta":[],"_links":{"self":[{"href":"https:\/\/www.appliansys.com\/es\/wp-json\/wp\/v2\/pages\/25106"}],"collection":[{"href":"https:\/\/www.appliansys.com\/es\/wp-json\/wp\/v2\/pages"}],"about":[{"href":"https:\/\/www.appliansys.com\/es\/wp-json\/wp\/v2\/types\/page"}],"author":[{"embeddable":true,"href":"https:\/\/www.appliansys.com\/es\/wp-json\/wp\/v2\/users\/2"}],"replies":[{"embeddable":true,"href":"https:\/\/www.appliansys.com\/es\/wp-json\/wp\/v2\/comments?post=25106"}],"version-history":[{"count":0,"href":"https:\/\/www.appliansys.com\/es\/wp-json\/wp\/v2\/pages\/25106\/revisions"}],"up":[{"embeddable":true,"href":"https:\/\/www.appliansys.com\/es\/wp-json\/wp\/v2\/pages\/24141"}],"wp:attachment":[{"href":"https:\/\/www.appliansys.com\/es\/wp-json\/wp\/v2\/media?parent=25106"}],"curies":[{"name":"wp","href":"https:\/\/api.w.org\/{rel}","templated":true}]}}