{"id":25104,"date":"2016-06-27T08:18:57","date_gmt":"2016-06-27T08:18:57","guid":{"rendered":"https:\/\/www.appliansys.com\/es\/?page_id=25104"},"modified":"2016-07-06T10:39:38","modified_gmt":"2016-07-06T10:39:38","slug":"desarrollador","status":"publish","type":"page","link":"https:\/\/www.appliansys.com\/es\/empresa\/carerras\/desarrollador\/","title":{"rendered":"Desarrollador"},"content":{"rendered":"<p>\u00bfEst\u00e1 buscando un trabajo como desarrollador que combine su satisfacci\u00f3n desempe\u00f1ando dicho trabajo con un desarrollo serio de su carrera profesional?<br \/>\n\u00bfLe apasiona trabajar con Linux y tecnolog\u00edas de c\u00f3digo abierto?<br \/>\n\u00bfQuiere dar su toque personal a productos que ayudan a clientes de todo el mundo a construir mejores redes?<br \/>\n\u00bfQuiere formar parte de un equipo con talento en un entorno de desarrollo \u00e1gil que hace uso de las mejores pr\u00e1cticas y en el que aprender\u00e1 r\u00e1pido?<br \/>\n\u00bfPosee las habilidades y\/o el potencial de ser un excelente desarrollador de software?<\/p>\n<p><strong><em>Qu\u00e9 buscamos<\/em><\/strong><br \/>\nDesarrolladores de nivel junior, intermedio y senior. Tambi\u00e9n existen ofertas de trabajo para los reci\u00e9n licenciados que buscan su primer trabajo.<\/p>\n<p>A nivel junior, el candidato ideal deber\u00e1 contar con una licenciatura en inform\u00e1tica (o similar) y estar buscando su primer o segundo trabajo en el sector de las redes y las tecnolog\u00edas de Internet. Adem\u00e1s de una buena titulaci\u00f3n, deber\u00e1 poder demostrar un gran inter\u00e9s por el sector t\u00e9cnico acreditando para ello una experiencia pr\u00e1ctica significativa.<\/p>\n<p>Es esencial que el\/la candidato\/a:<\/p>\n<ul>\n<li>Domine Linux, lo cual incluye configurar y crear paquetes a partir de c\u00f3digo fuente<\/li>\n<li>Posea conocimientos pr\u00e1cticos de Python, o habilidades gen\u00e9ricas demostrables para aprender el funcionamiento de  Python r\u00e1pidamente<\/li>\n<li>Cuente con habilidades s\u00f3lidas para el desarrollo web, que incluye HTML, Javascript, CSS<\/li>\n<li>Tenga experiencia con las tecnolog\u00edas y los protocolos usados en las infraestructuras de redes e Internet<\/li>\n<li>Posea las aptitudes y motivaciones generales que se esperan para el desarrollo basado en equipos de una empresa emprendedora<\/li>\n<\/ul>\n<p>En el caso de desarrolladores de nivel intermedio o senior, sus niveles de conocimientos y experiencia deben ser mayores que los indicados anteriormente. El requisito de contar con una licenciatura es menos importante si se puede demostrar una amplia experiencia, unos buenos conocimientos y un buen dominio de las disciplinas.<\/p>\n<p>Tambi\u00e9n debe contar con una experiencia proporcionalmente superior en el ciclo de desarrollo completo (captura de requisitos, an\u00e1lisis, configuraci\u00f3n, especificaci\u00f3n, testing, soluci\u00f3n de problemas, migraci\u00f3n, etc.) y la capacidad de contribuir completamente al desarrollo constante de enfoques basados en las mejores pr\u00e1cticas dentro del equipo.<\/p>\n<p>Si cree que est\u00e1 cualificado para alg\u00fan puesto, env\u00ede su CV y carta de presentaci\u00f3n a<a href=\"mailto:recruitment@appliansys.com?subject=Developer%20Role\"> recruitment@appliansys.com<\/a>. Todos los puestos se ofrecen en Coventry (Reino Unido) a menos que se indique algo distinto.<\/p>\n<p>&nbsp;<\/p>\n<p><em><a href=\"https:\/\/www.appliansys.com\/company\/employment\/\">&lt; Volver a ofertas de empleo<\/a><\/em><\/p>\n","protected":false},"excerpt":{"rendered":"<p>\u00bfEst\u00e1 buscando un trabajo como desarrollador que combine su satisfacci\u00f3n desempe\u00f1ando dicho trabajo con un desarrollo serio de su carrera profesional? \u00bfLe apasiona trabajar con Linux y tecnolog\u00edas de c\u00f3digo abierto? \u00bfQuiere dar su toque personal a productos que ayudan a clientes de todo el mundo a construir mejores redes? \u00bfQuiere formar parte de un [&hellip;]<\/p>\n","protected":false},"author":2,"featured_media":0,"parent":24141,"menu_order":0,"comment_status":"open","ping_status":"open","template":"template-page-es.php","meta":[],"_links":{"self":[{"href":"https:\/\/www.appliansys.com\/es\/wp-json\/wp\/v2\/pages\/25104"}],"collection":[{"href":"https:\/\/www.appliansys.com\/es\/wp-json\/wp\/v2\/pages"}],"about":[{"href":"https:\/\/www.appliansys.com\/es\/wp-json\/wp\/v2\/types\/page"}],"author":[{"embeddable":true,"href":"https:\/\/www.appliansys.com\/es\/wp-json\/wp\/v2\/users\/2"}],"replies":[{"embeddable":true,"href":"https:\/\/www.appliansys.com\/es\/wp-json\/wp\/v2\/comments?post=25104"}],"version-history":[{"count":0,"href":"https:\/\/www.appliansys.com\/es\/wp-json\/wp\/v2\/pages\/25104\/revisions"}],"up":[{"embeddable":true,"href":"https:\/\/www.appliansys.com\/es\/wp-json\/wp\/v2\/pages\/24141"}],"wp:attachment":[{"href":"https:\/\/www.appliansys.com\/es\/wp-json\/wp\/v2\/media?parent=25104"}],"curies":[{"name":"wp","href":"https:\/\/api.w.org\/{rel}","templated":true}]}}