{"id":24397,"date":"2016-06-15T15:39:11","date_gmt":"2016-06-15T15:39:11","guid":{"rendered":"https:\/\/www.appliansys.com\/es\/?page_id=24397"},"modified":"2016-07-08T12:47:02","modified_gmt":"2016-07-08T12:47:02","slug":"politica-de-cookies","status":"publish","type":"page","link":"https:\/\/www.appliansys.com\/es\/politica-de-cookies\/","title":{"rendered":"Pol\u00edtica de cookies"},"content":{"rendered":"<p>Nuestra Web utiliza cookies. Las cookies son peque\u00f1os archivos de texto almacenados en su equipo que se generan cuando visita una Web y que luego se vuelven a enviar a la Web de origen en cada visita subsiguiente.<\/p>\n<p>Las cookies no son da\u00f1inas para su dispositivo. No almacenamos informaci\u00f3n personal como datos de tarjetas de cr\u00e9dito en las cookies que creamos, pero s\u00ed utilizamos informaci\u00f3n cifrada recopilada de las cookies para contribuir a mejorar su experiencia en nuestra Web. La informaci\u00f3n recopilada por todas las cookies utilizadas en nuestra Web es an\u00f3nima y nosotros no podemos hacer un seguimiento de qu\u00e9 paginas visita en otros sitios web.<\/p>\n<p>Estas son las dos categor\u00edas de cookies que se utilizan en este sitio web:<\/p>\n<ul>\n<li><strong>Cookies para mejorar el rendimiento<\/strong>\u00a0&#8211; Estas cookies recopilan informaci\u00f3n sobre c\u00f3mo utiliza la Web. Por ejemplo, qu\u00e9 p\u00e1ginas visita y si recibe alg\u00fan mensaje de error. Las utilizamos para mejorar el sitio web, por ejemplo para revisar qu\u00e9 contenido es el que m\u00e1s se ve o probar diferentes dise\u00f1os.<\/li>\n<li><strong>Cookies para mejorar la funcionalidad<\/strong> &#8211; Estas cookies permiten al sitio web recordar las selecciones que realiza (por ejemplo, el producto en el que est\u00e1 interesado, el idioma de su navegador o la regi\u00f3n en la que se encuentra) y proporciona opciones mejoradas y m\u00e1s personalizadas. Utilizamos estas cookies para realizar un seguimiento de c\u00f3mo ha adaptado su visita. De esta manera podemos determinar qu\u00e9 contenido le interesa ver cuando se desplaza por nuestra Web, facilit\u00e1ndose de esta manera la b\u00fasqueda de la informaci\u00f3n que desea.<\/li>\n<\/ul>\n<p><strong>Al utilizar nuestra Web, acepta que podemos colocar estos tipos de cookies en su dispositivo. Si no desea que almacenemos las cookies, deshabil\u00edtelas mediante las opciones de configuraci\u00f3n de su navegador web. Con las cookies deshabilitadas, podr\u00e1 navegar por nuestra Web, pero no podr\u00e1 utilizar opciones personalizadas.<\/strong><\/p>\n<p>Si desea deshabilitar las cookies en su navegador, le sugerimos que consulte la secci\u00f3n de ayuda del mismo.<\/p>\n","protected":false},"excerpt":{"rendered":"<p>Nuestra Web utiliza cookies. Las cookies son peque\u00f1os archivos de texto almacenados en su equipo que se generan cuando visita una Web y que luego se vuelven a enviar a la Web de origen en cada visita subsiguiente. Las cookies no son da\u00f1inas para su dispositivo. No almacenamos informaci\u00f3n personal como datos de tarjetas de [&hellip;]<\/p>\n","protected":false},"author":2,"featured_media":0,"parent":0,"menu_order":0,"comment_status":"open","ping_status":"open","template":"template-page-es.php","meta":[],"_links":{"self":[{"href":"https:\/\/www.appliansys.com\/es\/wp-json\/wp\/v2\/pages\/24397"}],"collection":[{"href":"https:\/\/www.appliansys.com\/es\/wp-json\/wp\/v2\/pages"}],"about":[{"href":"https:\/\/www.appliansys.com\/es\/wp-json\/wp\/v2\/types\/page"}],"author":[{"embeddable":true,"href":"https:\/\/www.appliansys.com\/es\/wp-json\/wp\/v2\/users\/2"}],"replies":[{"embeddable":true,"href":"https:\/\/www.appliansys.com\/es\/wp-json\/wp\/v2\/comments?post=24397"}],"version-history":[{"count":0,"href":"https:\/\/www.appliansys.com\/es\/wp-json\/wp\/v2\/pages\/24397\/revisions"}],"wp:attachment":[{"href":"https:\/\/www.appliansys.com\/es\/wp-json\/wp\/v2\/media?parent=24397"}],"curies":[{"name":"wp","href":"https:\/\/api.w.org\/{rel}","templated":true}]}}