{"id":24152,"date":"2016-06-03T10:48:59","date_gmt":"2016-06-03T10:48:59","guid":{"rendered":"https:\/\/www.appliansys.com\/es\/?page_id=24152"},"modified":"2016-07-08T12:42:07","modified_gmt":"2016-07-08T12:42:07","slug":"legal","status":"publish","type":"page","link":"https:\/\/www.appliansys.com\/es\/empresa\/legal\/","title":{"rendered":"Cuestiones legales"},"content":{"rendered":"<p>ApplianSys Limited est\u00e1 registrada en Inglaterra y Gales. Su n\u00famero de registro de empresa es el 07608382 y la direcci\u00f3n de su sede social es: ApplianSys House, Harry Weston Road, Coventry, CV3 2UB.<\/p>\n<p>La informaci\u00f3n sobre los productos de ApplianSys, incluidos su aspecto y sus especificaciones, as\u00ed como los servicios de la Web de ApplianSys est\u00e1n sujetos a cambios sin previo aviso. Dicha informaci\u00f3n no otorga ninguna representaci\u00f3n, garant\u00eda o cualquier otra obligaci\u00f3n por parte de ApplianSys con respecto a ning\u00fan producto y servicio, y ApplianSys mediante el presente documento renuncia a cualquier tipo de garant\u00eda, expresa o impl\u00edcita, sobre la exactitud, idoneidad para cualquier fin o integridad de los mismos.<\/p>\n<h2>Software de c\u00f3digo abierto<\/h2>\n<p>ApplianSys Limited desarrolla y comercializa productos que incluyen software tanto de c\u00f3digo abierto como privativo. ApplianSys Limited ha estado trabajando de manera activa con software de c\u00f3digo abierto desde su fundaci\u00f3n en el a\u00f1o 2000. Este tipo de software ha sido usado tanto en proyectos de clientes individuales como durante el desarrollo de productos en general. En aquellos casos en los que se ha utilizado software de c\u00f3digo abierto como parte de los productos de ApplianSys Limited, hemos tomado las medidas necesarias para asegurarnos de que este software ha sido usado tal y como lo concede su respectiva licencia.<\/p>\n<p>Un determinado n\u00famero de paquetes de software incluidos en los productos de ApplianSys Limited se proporcionan mediante una \u2018Licencia P\u00fablica General de GNU&#8217; (GPL) y una &#8216;Licencia P\u00fablica General Reducida de GNU&#8217; (LGPL). De conformidad con las licencias mencionadas anteriormente, podr\u00e1 obtener de nosotros la totalidad del c\u00f3digo fuente de estos paquetes durante un per\u00edodo de tres a\u00f1os despu\u00e9s de nuestra \u00faltima versi\u00f3n de este producto. Cualquiera que desee obtener el c\u00f3digo fuente correspondiente, puede hacerlo poni\u00e9ndose en contacto con nosotros a trav\u00e9s de <a href=\"mailto:support@appliansys.com\">support@appliansys.com<\/a>.<\/p>\n<p>Nada de lo que se incluye en esta Declaraci\u00f3n limita sus derechos en virtud de, o le otorga derechos que sustituyan, los t\u00e9rminos y las condiciones de cualquier licencia aplicable para software de c\u00f3digo abierto. En concreto, nada de lo estipulado en la presente Declaraci\u00f3n restringe su derecho a copiar, modificar y distribuir ese software de c\u00f3digo abierto sujeto a los t\u00e9rminos de las licencias GPL y LGPL.<\/p>\n<p>El software de c\u00f3digo abierto se suministra \u00abtal cual\u00bb sin garant\u00eda de ning\u00fan tipo, expresa o impl\u00edcita, incluidas, pero sin limitarse a, las garant\u00edas impl\u00edcitas de comerciabilidad e idoneidad para un fin particular.<\/p>\n<p>El software desarrollado por ApplianSys Limited que no est\u00e9 relacionado con el software de c\u00f3digo abierto al que se hace referencia en esta Web no est\u00e1 cubierto por ninguna de las licencias de software de c\u00f3digo abierto y es propiedad de ApplianSys Limited.<\/p>\n<p>A continuaci\u00f3n se proporcionan copias completas de las licencias GPL y LGPL por las que se rige ApplianSys Limited:<\/p>\n<table border=\"0\">\n<tbody>\n<tr>\n<td><strong>GPL<\/strong><\/td>\n<td><strong>LGPL<\/strong><\/td>\n<\/tr>\n<tr>\n<td><a title=\"Licencia P\u00fablica General de GNU Versi\u00f3n 3\" href=\"https:\/\/www.appliansys.com\/gnu-general-public-license-version-3\/\">GPLv3<\/a><\/td>\n<td><a title=\"Licencia P\u00fablica General Reducida de GNU Versi\u00f3n 3\" href=\"https:\/\/www.appliansys.com\/gnu-lesser-general-public-license-version-3\/\">LGPLv3<\/a><\/td>\n<\/tr>\n<tr>\n<td><a title=\"Licencia P\u00fablica General de GNU Versi\u00f3n 2\" href=\"https:\/\/www.appliansys.com\/gnu-general-public-license-version-2\/\">GPLv2<\/a><\/td>\n<td><a title=\"Licencia P\u00fablica General Reducida de GNU Versi\u00f3n 2.1\" href=\"https:\/\/www.appliansys.com\/gnu-lesser-general-public-license-version-2-1\/\">LGPLv2.1<\/a><\/td>\n<\/tr>\n<tr>\n<td><a title=\"Licencia P\u00fablica General de GNU Versi\u00f3n 1\" href=\"https:\/\/www.appliansys.com\/gnu-general-public-license-version-1\/\">GPLv1<\/a><\/td>\n<td><\/td>\n<\/tr>\n<\/tbody>\n<\/table>\n<p>\u00a9 Copyright 2001 &#8211; 2015 ApplianSys Limited . Todos los derechos reservados. ApplianSys, la empresa de appliances de servidor y el logotipo estilizado son marcas comerciales de ApplianSys Limited. Los nombres de los productos y los servicios especificados en este documento son marcas comerciales de ApplianSys Limited. Los productos con cualquier otro nombre especificados en este documento son marcas comerciales de sus respectivas empresas.<\/p>\n","protected":false},"excerpt":{"rendered":"<p>ApplianSys Limited est\u00e1 registrada en Inglaterra y Gales. Su n\u00famero de registro de empresa es el 07608382 y la direcci\u00f3n de su sede social es: ApplianSys House, Harry Weston Road, Coventry, CV3 2UB. La informaci\u00f3n sobre los productos de ApplianSys, incluidos su aspecto y sus especificaciones, as\u00ed como los servicios de la Web de ApplianSys [&hellip;]<\/p>\n","protected":false},"author":2,"featured_media":23402,"parent":24127,"menu_order":5,"comment_status":"open","ping_status":"open","template":"template-page-es.php","meta":[],"_links":{"self":[{"href":"https:\/\/www.appliansys.com\/es\/wp-json\/wp\/v2\/pages\/24152"}],"collection":[{"href":"https:\/\/www.appliansys.com\/es\/wp-json\/wp\/v2\/pages"}],"about":[{"href":"https:\/\/www.appliansys.com\/es\/wp-json\/wp\/v2\/types\/page"}],"author":[{"embeddable":true,"href":"https:\/\/www.appliansys.com\/es\/wp-json\/wp\/v2\/users\/2"}],"replies":[{"embeddable":true,"href":"https:\/\/www.appliansys.com\/es\/wp-json\/wp\/v2\/comments?post=24152"}],"version-history":[{"count":0,"href":"https:\/\/www.appliansys.com\/es\/wp-json\/wp\/v2\/pages\/24152\/revisions"}],"up":[{"embeddable":true,"href":"https:\/\/www.appliansys.com\/es\/wp-json\/wp\/v2\/pages\/24127"}],"wp:featuredmedia":[{"embeddable":true,"href":"https:\/\/www.appliansys.com\/es\/wp-json\/wp\/v2\/media\/23402"}],"wp:attachment":[{"href":"https:\/\/www.appliansys.com\/es\/wp-json\/wp\/v2\/media?parent=24152"}],"curies":[{"name":"wp","href":"https:\/\/api.w.org\/{rel}","templated":true}]}}