{"id":24148,"date":"2016-06-03T10:45:43","date_gmt":"2016-06-03T10:45:43","guid":{"rendered":"https:\/\/www.appliansys.com\/es\/?page_id=24148"},"modified":"2017-09-21T10:40:33","modified_gmt":"2017-09-21T10:40:33","slug":"socios","status":"publish","type":"page","link":"https:\/\/www.appliansys.com\/es\/empresa\/socios\/","title":{"rendered":"Socios"},"content":{"rendered":"<p>ApplianSys es una empresa orientada al cliente. Nuestra meta es lograr facilitar la vida de nuestros clientes:<\/p>\n<ul>\n<li>Desarrollando soluciones basadas en appliances que consigan que la implementaci\u00f3n y administraci\u00f3n de las aplicaciones de red sean m\u00e1s sencillas, fiables y seguras.<\/li>\n<li>Ofreciendo un acceso r\u00e1pido a un servicio de soporte t\u00e9cnico experto, amable y flexible.<\/li>\n<li>Esforz\u00e1ndonos por escuchar al cliente y entender sus necesidades, porque creemos que ello es vital para poder atenderles mejor en el futuro.<\/li>\n<li>Comunic\u00e1ndonos de un modo honesto y transparente mediante boletines peri\u00f3dicos, una gesti\u00f3n proactica de las cuentas y la revisi\u00f3n anual de las implementaciones.<\/li>\n<\/ul>\n<p>Aplicamos estos mismos principios a nuestra relaci\u00f3n con nuestros socios de canal. Queremos facilitar sus vidas y hacerlas m\u00e1s lucrativas vendiendo las soluciones de ApplianSys a sus clientes y prest\u00e1ndoles soporte posteriormente.<\/p>\n<h2 style=\"margin-bottom: 10px;\">Beneficios del programa<\/h2>\n<ul>\n<li><strong>Productos y servicios de alta calidad:<\/strong> ApplianSys es una empresa que se compromete a ofrecer un servicio y un soporte de una calidad excelente, a a\u00f1adir valor a los negocios de nuestros socios de canal .<\/li>\n<li><strong>Un soporte t\u00e9cnico preventa y postventa excepcional, con acceso directo a nuestro equipo de desarrollo: <\/strong>Respaldamos a nuestros distribuidores con un servicio de soporte de canal de alta calidad y les proporcionamos un acceso r\u00e1pido a gestores de canal experimentados, verdaderos expertos t\u00e9cnicos y agentes de servicio profesionales.<\/li>\n<li><strong>Programa completo de formaci\u00f3n:<\/strong> Dotamos a nuestros socios de las destrezas y los conocimientos sobre los productos que necesitan para vender, configurar y prestar soporte a nuestros appliances.<\/li>\n<li><strong>Programa de descuentos competitivos, formaci\u00f3n en ventas, material de marketing e iniciativas para generar clientes potenciales: <\/strong>Maximizamos el potencial de obtener ganancias para nuestros socios de canal y les ayudamos a posicionarse mejor en los mercados elegidos.<\/li>\n<\/ul>\n<p>El programa de socios de canal de ApplianSys est\u00e1 abierto a cualquier empresa, independientemente de cual sea su tama\u00f1o o donde est\u00e9 ubicada. Para obtener m\u00e1s informaci\u00f3n sobre el programa, cumplimente nuestro <a title=\"Inscripci\u00f3n para partners\" href=\"https:\/\/www.appliansys.com\/es\/empresa\/socios\/partner-registration\/\">formulario de inscripci\u00f3n<\/a>. \u00a1Esperamos tener noticias suyas pronto!<\/p>\n","protected":false},"excerpt":{"rendered":"<p>ApplianSys es una empresa orientada al cliente. Nuestra meta es lograr facilitar la vida de nuestros clientes: Desarrollando soluciones basadas en appliances que consigan que la implementaci\u00f3n y administraci\u00f3n de las aplicaciones de red sean m\u00e1s sencillas, fiables y seguras. Ofreciendo un acceso r\u00e1pido a un servicio de soporte t\u00e9cnico experto, amable y flexible. Esforz\u00e1ndonos [&hellip;]<\/p>\n","protected":false},"author":2,"featured_media":0,"parent":24127,"menu_order":4,"comment_status":"open","ping_status":"open","template":"template-page-es.php","meta":[],"_links":{"self":[{"href":"https:\/\/www.appliansys.com\/es\/wp-json\/wp\/v2\/pages\/24148"}],"collection":[{"href":"https:\/\/www.appliansys.com\/es\/wp-json\/wp\/v2\/pages"}],"about":[{"href":"https:\/\/www.appliansys.com\/es\/wp-json\/wp\/v2\/types\/page"}],"author":[{"embeddable":true,"href":"https:\/\/www.appliansys.com\/es\/wp-json\/wp\/v2\/users\/2"}],"replies":[{"embeddable":true,"href":"https:\/\/www.appliansys.com\/es\/wp-json\/wp\/v2\/comments?post=24148"}],"version-history":[{"count":0,"href":"https:\/\/www.appliansys.com\/es\/wp-json\/wp\/v2\/pages\/24148\/revisions"}],"up":[{"embeddable":true,"href":"https:\/\/www.appliansys.com\/es\/wp-json\/wp\/v2\/pages\/24127"}],"wp:attachment":[{"href":"https:\/\/www.appliansys.com\/es\/wp-json\/wp\/v2\/media?parent=24148"}],"curies":[{"name":"wp","href":"https:\/\/api.w.org\/{rel}","templated":true}]}}