{"id":24146,"date":"2016-06-03T10:44:14","date_gmt":"2016-06-03T10:44:14","guid":{"rendered":"https:\/\/www.appliansys.com\/es\/?page_id=24146"},"modified":"2019-01-29T09:56:15","modified_gmt":"2019-01-29T09:56:15","slug":"contactar","status":"publish","type":"page","link":"https:\/\/www.appliansys.com\/es\/empresa\/contactar\/","title":{"rendered":"Contactar"},"content":{"rendered":"<p>Si desea m\u00e1s informaci\u00f3n sobre ApplianSys y sus productos, cumplimente la siguiente informaci\u00f3n.<br \/>\nLos campos marcados con un asterisco (*) son obligatorios.<\/p>\n<p><img loading=\"lazy\" class=\"alignleft size-full wp-image-16836\" style=\"margin: 2px 4px 2px -1px;\" src=\"https:\/\/www.appliansys.com\/wp-content\/uploads\/2013\/04\/icon.png\" alt=\"Contactar con ApplianSys\" width=\"16\" height=\"16\" \/><span style=\"font-size: 80%;\">Nuestro equipo de ventas habla ingl\u00e9s, espa\u00f1ol, franc\u00e9s, portugu\u00e9s, chino, \u00e1rabe, croata y serbio. Tambi\u00e9n podemos ayudarle en urdu, bengal\u00ed, checo y polaco.<\/span><\/p>\n<div role=\"form\" class=\"wpcf7\" id=\"wpcf7-f25709-o1\" lang=\"en-US\" dir=\"ltr\">\n<div class=\"screen-reader-response\"><p role=\"status\" aria-live=\"polite\" aria-atomic=\"true\"><\/p> <ul><\/ul><\/div>\n<form action=\"\/es\/wp-json\/wp\/v2\/pages\/24146#wpcf7-f25709-o1\" method=\"post\" class=\"wpcf7-form init\" novalidate=\"novalidate\" data-status=\"init\">\n<div style=\"display: none;\">\n<input type=\"hidden\" name=\"_wpcf7\" value=\"25709\" \/>\n<input type=\"hidden\" name=\"_wpcf7_version\" value=\"5.6.3\" \/>\n<input type=\"hidden\" name=\"_wpcf7_locale\" value=\"en_US\" \/>\n<input type=\"hidden\" name=\"_wpcf7_unit_tag\" value=\"wpcf7-f25709-o1\" \/>\n<input type=\"hidden\" name=\"_wpcf7_container_post\" value=\"0\" \/>\n<input type=\"hidden\" name=\"_wpcf7_posted_data_hash\" value=\"\" \/>\n<input type=\"hidden\" name=\"_wpcf7_recaptcha_response\" value=\"\" \/>\n<\/div>\n<table style=\"border: 0px; width: 500px; margin-left: 30px;\">\n<tr>\n<td style=\"width:150px;\">Nombre<span style=\"color:red;\">*<\/span><\/td>\n<td><span class=\"wpcf7-form-control-wrap\" data-name=\"Firstname\"><input type=\"text\" name=\"Firstname\" value=\"\" size=\"40\" class=\"wpcf7-form-control wpcf7-text wpcf7-validates-as-required\" aria-required=\"true\" aria-invalid=\"false\" \/><\/span> <\/td>\n<\/tr>\n<tr>\n<td style=\"width:150px;\">Nombre de la empresa<span style=\"color:red;\">*<\/span><\/td>\n<td><span class=\"wpcf7-form-control-wrap\" data-name=\"Company\"><input type=\"text\" name=\"Company\" value=\"\" size=\"40\" class=\"wpcf7-form-control wpcf7-text wpcf7-validates-as-required\" aria-required=\"true\" aria-invalid=\"false\" \/><\/span><\/td>\n<\/tr>\n<tr>\n<td style=\"width:150px;\">Pais<span style=\"color:red;\">*<\/span><\/td>\n<td style=\"padding-left: 1px;\"><span class=\"wpcf7-form-control-wrap\" data-name=\"Country\"><select name=\"Country\" class=\"wpcf7-form-control wpcf7-select wpcf7-validates-as-required\" aria-required=\"true\" aria-invalid=\"false\"><option value=\"- - -\">- - -<\/option><option value=\"Afghanistan\">Afghanistan<\/option><option value=\"Albania\">Albania<\/option><option value=\"Algeria\">Algeria<\/option><option value=\"Andorra\">Andorra<\/option><option value=\"Angola\">Angola<\/option><option value=\"Antigua &amp; Deps\">Antigua &amp; Deps<\/option><option value=\"Argentina\">Argentina<\/option><option value=\"Armenia\">Armenia<\/option><option value=\"Australia\">Australia<\/option><option value=\"Austria\">Austria<\/option><option value=\"Azerbaijan\">Azerbaijan<\/option><option value=\"Bahamas\">Bahamas<\/option><option value=\"Bahrain\">Bahrain<\/option><option value=\"Bangladesh\">Bangladesh<\/option><option value=\"Barbados\">Barbados<\/option><option value=\"Belarus\">Belarus<\/option><option value=\"Belgium\">Belgium<\/option><option value=\"Belize\">Belize<\/option><option value=\"Benin\">Benin<\/option><option value=\"Bhutan\">Bhutan<\/option><option value=\"Bolivia\">Bolivia<\/option><option value=\"Bosnia Herzegovina\">Bosnia Herzegovina<\/option><option value=\"Botswana\">Botswana<\/option><option value=\"Brazil\">Brazil<\/option><option value=\"Brunei\">Brunei<\/option><option value=\"Bulgaria\">Bulgaria<\/option><option value=\"Burkina\">Burkina<\/option><option value=\"Burundi\">Burundi<\/option><option value=\"Cambodia\">Cambodia<\/option><option value=\"Cameroon\">Cameroon<\/option><option value=\"Canada\">Canada<\/option><option value=\"Cape Verdi\">Cape Verdi<\/option><option value=\"Central African Rep\">Central African Rep<\/option><option value=\"Chad\">Chad<\/option><option value=\"Chile\">Chile<\/option><option value=\"China\">China<\/option><option value=\"Colombia\">Colombia<\/option><option value=\"Comoros\">Comoros<\/option><option value=\"Congo\">Congo<\/option><option value=\"Congo (Democratic Rep)\">Congo (Democratic Rep)<\/option><option value=\"Costa Rica\">Costa Rica<\/option><option value=\"Croatia\">Croatia<\/option><option value=\"Cuba\">Cuba<\/option><option value=\"Cyprus\">Cyprus<\/option><option value=\"Czech Republic\">Czech Republic<\/option><option value=\"Denmark\">Denmark<\/option><option value=\"Djibouti\">Djibouti<\/option><option value=\"Dominica\">Dominica<\/option><option value=\"Dominican Republic\">Dominican Republic<\/option><option value=\"East Timor\">East Timor<\/option><option value=\"Ecuador\">Ecuador<\/option><option value=\"Egypt\">Egypt<\/option><option value=\"El Salvador\">El Salvador<\/option><option value=\"Equatorial Guinea\">Equatorial Guinea<\/option><option value=\"Eritrea\">Eritrea<\/option><option value=\"Estonia\">Estonia<\/option><option value=\"Ethiopia\">Ethiopia<\/option><option value=\"Faroe Islands\">Faroe Islands<\/option><option value=\"Fiji\">Fiji<\/option><option value=\"Finland\">Finland<\/option><option value=\"France\">France<\/option><option value=\"Gabon\">Gabon<\/option><option value=\"Gambia\">Gambia<\/option><option value=\"Georgia\">Georgia<\/option><option value=\"Germany\">Germany<\/option><option value=\"Ghana\">Ghana<\/option><option value=\"Greece\">Greece<\/option><option value=\"Greenland\">Greenland<\/option><option value=\"Grenada\">Grenada<\/option><option value=\"Guatemala\">Guatemala<\/option><option value=\"Guinea\">Guinea<\/option><option value=\"Guinea-Bissau\">Guinea-Bissau<\/option><option value=\"Guyana\">Guyana<\/option><option value=\"Haiti\">Haiti<\/option><option value=\"Honduras\">Honduras<\/option><option value=\"Hungary\">Hungary<\/option><option value=\"Iceland\">Iceland<\/option><option value=\"India\">India<\/option><option value=\"Indonesia\">Indonesia<\/option><option value=\"Iran\">Iran<\/option><option value=\"Iraq\">Iraq<\/option><option value=\"Ireland (Republic)\">Ireland (Republic)<\/option><option value=\"Israel\">Israel<\/option><option value=\"Italy\">Italy<\/option><option value=\"Ivory Coast\">Ivory Coast<\/option><option value=\"Jamaica\">Jamaica<\/option><option value=\"Japan\">Japan<\/option><option value=\"Jordan\">Jordan<\/option><option value=\"Kazakhstan\">Kazakhstan<\/option><option value=\"Kenya\">Kenya<\/option><option value=\"Kiribati\">Kiribati<\/option><option value=\"Korea North\">Korea North<\/option><option value=\"Korea South\">Korea South<\/option><option value=\"Kuwait\">Kuwait<\/option><option value=\"Kyrgyzstan\">Kyrgyzstan<\/option><option value=\"Laos\">Laos<\/option><option value=\"Latvia\">Latvia<\/option><option value=\"Lebanon\">Lebanon<\/option><option value=\"Lesotho\">Lesotho<\/option><option value=\"Liberia\">Liberia<\/option><option value=\"Libya\">Libya<\/option><option value=\"Liechtenstein\">Liechtenstein<\/option><option value=\"Lithuania\">Lithuania<\/option><option value=\"Luxembourg\">Luxembourg<\/option><option value=\"Macedonia\">Macedonia<\/option><option value=\"Madagascar\">Madagascar<\/option><option value=\"Malawi\">Malawi<\/option><option value=\"Malaysia\">Malaysia<\/option><option value=\"Maldives\">Maldives<\/option><option value=\"Mali\">Mali<\/option><option value=\"Malta\">Malta<\/option><option value=\"Marshall Islands\">Marshall Islands<\/option><option value=\"Mauritania\">Mauritania<\/option><option value=\"Mauritius\">Mauritius<\/option><option value=\"Mexico\">Mexico<\/option><option value=\"Micronesia\">Micronesia<\/option><option value=\"Moldova\">Moldova<\/option><option value=\"Monaco\">Monaco<\/option><option value=\"Mongolia\">Mongolia<\/option><option value=\"Montenegro\">Montenegro<\/option><option value=\"Morocco\">Morocco<\/option><option value=\"Mozambique\">Mozambique<\/option><option value=\"Myanmar (Burma)\">Myanmar (Burma)<\/option><option value=\"Namibia\">Namibia<\/option><option value=\"Nauru\">Nauru<\/option><option value=\"Nepal\">Nepal<\/option><option value=\"Netherlands\">Netherlands<\/option><option value=\"New Zealand\">New Zealand<\/option><option value=\"Nicaragua\">Nicaragua<\/option><option value=\"Niger\">Niger<\/option><option value=\"Nigeria\">Nigeria<\/option><option value=\"Niue\">Niue<\/option><option value=\"Norway\">Norway<\/option><option value=\"Oman\">Oman<\/option><option value=\"Pakistan\">Pakistan<\/option><option value=\"Palau\">Palau<\/option><option value=\"Palestine\">Palestine<\/option><option value=\"Panama\">Panama<\/option><option value=\"Papua New Guinea\">Papua New Guinea<\/option><option value=\"Paraguay\">Paraguay<\/option><option value=\"Peru\">Peru<\/option><option value=\"Philippines\">Philippines<\/option><option value=\"Poland\">Poland<\/option><option value=\"Portugal\">Portugal<\/option><option value=\"Qatar\">Qatar<\/option><option value=\"Romania\">Romania<\/option><option value=\"Russian Federation\">Russian Federation<\/option><option value=\"Rwanda\">Rwanda<\/option><option value=\"St Kitts &amp; Nevis\">St Kitts &amp; Nevis<\/option><option value=\"St Lucia\">St Lucia<\/option><option value=\"St Vincent &amp; Gr\/dines\">St Vincent &amp; Gr\/dines<\/option><option value=\"Samoa\">Samoa<\/option><option value=\"San Marino\">San Marino<\/option><option value=\"Sao Tome &amp; Principe\">Sao Tome &amp; Principe<\/option><option value=\"Saudi Arabia\">Saudi Arabia<\/option><option value=\"Senegal\">Senegal<\/option><option value=\"Serbia\">Serbia<\/option><option value=\"Seychelles\">Seychelles<\/option><option value=\"Sierra Leone\">Sierra Leone<\/option><option value=\"Singapore\">Singapore<\/option><option value=\"Slovakia\">Slovakia<\/option><option value=\"Slovenia\">Slovenia<\/option><option value=\"Solomon Islands\">Solomon Islands<\/option><option value=\"Somalia\">Somalia<\/option><option value=\"South Africa\">South Africa<\/option><option value=\"Spain\">Spain<\/option><option value=\"Sri Lanka\">Sri Lanka<\/option><option value=\"Sudan\">Sudan<\/option><option value=\"Suriname\">Suriname<\/option><option value=\"Swaziland\">Swaziland<\/option><option value=\"Sweden\">Sweden<\/option><option value=\"Switzerland\">Switzerland<\/option><option value=\"Syria\">Syria<\/option><option value=\"Taiwan\">Taiwan<\/option><option value=\"Tajikistan\">Tajikistan<\/option><option value=\"Tanzania\">Tanzania<\/option><option value=\"Thailand\">Thailand<\/option><option value=\"Togo\">Togo<\/option><option value=\"Tonga\">Tonga<\/option><option value=\"Trinidad &amp; Tobago\">Trinidad &amp; Tobago<\/option><option value=\"Tunisia\">Tunisia<\/option><option value=\"Turkey\">Turkey<\/option><option value=\"Turkmenistan\">Turkmenistan<\/option><option value=\"Tuvalu\">Tuvalu<\/option><option value=\"Uganda\">Uganda<\/option><option value=\"Ukraine\">Ukraine<\/option><option value=\"United Arab Emirates\">United Arab Emirates<\/option><option value=\"United Kingdom\">United Kingdom<\/option><option value=\"United States\">United States<\/option><option value=\"Uruguay\">Uruguay<\/option><option value=\"Uzbekistan\">Uzbekistan<\/option><option value=\"Vanuatu\">Vanuatu<\/option><option value=\"Vatican City\">Vatican City<\/option><option value=\"Venezuela\">Venezuela<\/option><option value=\"Vietnam\">Vietnam<\/option><option value=\"Yemen\">Yemen<\/option><option value=\"Zambia\">Zambia<\/option><option value=\"Zimbabwe\">Zimbabwe<\/option><\/select><\/span><\/td>\n<\/tr>\n<tr>\n<td style=\"width:150px;\">Tel\u00e9fono<span style=\"color:red;\">*<\/span><\/td>\n<td><span class=\"wpcf7-form-control-wrap\" data-name=\"Phone\"><input type=\"text\" name=\"Phone\" value=\"\" size=\"40\" class=\"wpcf7-form-control wpcf7-text wpcf7-validates-as-required\" aria-required=\"true\" aria-invalid=\"false\" \/><\/span><\/td>\n<\/tr>\n<tr>\n<td style=\"width:150px;\">Su email<span style=\"color:red;\">*<\/span><\/td>\n<td><span class=\"wpcf7-form-control-wrap\" data-name=\"Email\"><input type=\"text\" name=\"Email\" value=\"\" size=\"40\" class=\"wpcf7-form-control wpcf7-text wpcf7-validates-as-required\" aria-required=\"true\" aria-invalid=\"false\" \/><\/span><\/td>\n<\/tr>\n<tr>\n<td style=\"width:150px;\">\u00c1rea \/ Producto de inter\u00e9s<span style=\"color:red;\">*<\/span><\/td>\n<td style=\"padding-left: 1px;\"><span class=\"wpcf7-form-control-wrap\" data-name=\"AreaProductofInterest\"><select name=\"AreaProductofInterest\" class=\"wpcf7-form-control wpcf7-select wpcf7-validates-as-required\" aria-required=\"true\" aria-invalid=\"false\"><option value=\"CACHEBOX\">CACHEBOX<\/option><option value=\"DNSBOX\">DNSBOX<\/option><option value=\"EDUGATEBOX\">EDUGATEBOX<\/option><option value=\"--------------------------\">--------------------------<\/option><option value=\"Ventas\">Ventas<\/option><option value=\"Suporte\">Suporte<\/option><option value=\"R\u00e9alimentation\">R\u00e9alimentation<\/option><option value=\"Empleo\">Empleo<\/option><\/select><\/span><\/td>\n<\/tr>\n<tr>\n<td style=\"width:150px;\">\u00bfC\u00f3mo podemos ayudar?<span style=\"color:red;\">*<\/span><\/td>\n<td><span class=\"wpcf7-form-control-wrap\" data-name=\"Message\"><textarea name=\"Message\" cols=\"40\" rows=\"10\" class=\"wpcf7-form-control wpcf7-textarea wpcf7-validates-as-required\" aria-required=\"true\" aria-invalid=\"false\"><\/textarea><\/span><\/td>\n<\/tr>\n<\/table>\n<p><span id=\"wpcf7-69e18324a8a45-wrapper\" class=\"wpcf7-form-control-wrap honeypot-610-wrap\" style=\"display:none !important; visibility:hidden !important;\"><label for=\"wpcf7-69e18324a8a45-field\" class=\"hp-message\">Por favor, deja este campo vac\u00edo.<\/label><input id=\"wpcf7-69e18324a8a45-field\"  class=\"wpcf7-form-control wpcf7-text\" type=\"text\" name=\"honeypot-610\" value=\"\" size=\"40\" tabindex=\"-1\" autocomplete=\"new-password\" \/><\/span><\/p>\n<p><input type=\"submit\" value=\"Mandar\" class=\"wpcf7-form-control has-spinner wpcf7-submit fm_form_submit\" id=\"fm_form_submit\" \/><\/p>\n<div class=\"wpcf7-response-output\" aria-hidden=\"true\"><\/div><\/form><\/div>\n<table style=\"margin: 80px 0 20px 40px; width: 88%;\">\n<tbody>\n<tr style=\"border-bottom: #bbbdbf 1px solid; margin-bottom: 20px;\">\n<td>\n<h2 style=\"margin: 0 0 0 0;\">Nuestras oficinas<\/h2>\n<\/td>\n<td><\/td>\n<td><\/td>\n<\/tr>\n<tr>\n<td style=\"width: 33%; padding-top: 20px;\"><b>Reino Unido &#8211; Sede principal<\/b><\/p>\n<p style=\"margin: 0px;\">ApplianSys House<\/p>\n<p style=\"margin: 0px;\">Harry Weston Road<\/p>\n<p style=\"margin: 0px;\">Coventry<\/p>\n<p style=\"margin: 0px;\">CV3 2UB<\/p>\n<\/p>\n<p>+44 8454 50 51 52<\/p>\n<\/td>\n<td style=\"width: 33%; padding-top: 20px;\"><b>Americas<\/b><\/p>\n<p style=\"margin: 0px;\">5323 Levander Loop<\/p>\n<p style=\"margin: 0px;\">Austin, TX<\/p>\n<p style=\"margin: 0px;\">78702<\/p>\n<\/p>\n<p>+1 512 696 1420<\/p>\n<\/td>\n<td style=\"width: 33%; padding-top: 20px;\"><b>Asia Pacifico<\/b><\/p>\n<p style=\"margin: 0px;\">Level 16 Wisma UOA Damansara II<\/p>\n<p style=\"margin: 0px;\">6 Changkat Semantan, Bukit Damansara<\/p>\n<p style=\"margin: 0px;\">Kuala Lumpur, 50490<\/p>\n<\/p>\n<p>+60 3 6419 5014<\/p>\n<\/td>\n<\/tr>\n<\/tbody>\n<\/table>\n","protected":false},"excerpt":{"rendered":"<p>Si desea m\u00e1s informaci\u00f3n sobre ApplianSys y sus productos, cumplimente la siguiente informaci\u00f3n. Los campos marcados con un asterisco (*) son obligatorios. Nuestro equipo de ventas habla ingl\u00e9s, espa\u00f1ol, franc\u00e9s, portugu\u00e9s, chino, \u00e1rabe, croata y serbio. Tambi\u00e9n podemos ayudarle en urdu, bengal\u00ed, checo y polaco. Nuestras oficinas Reino Unido &#8211; Sede principal ApplianSys House Harry [&hellip;]<\/p>\n","protected":false},"author":2,"featured_media":0,"parent":24127,"menu_order":9,"comment_status":"open","ping_status":"open","template":"template-page-es.php","meta":[],"_links":{"self":[{"href":"https:\/\/www.appliansys.com\/es\/wp-json\/wp\/v2\/pages\/24146"}],"collection":[{"href":"https:\/\/www.appliansys.com\/es\/wp-json\/wp\/v2\/pages"}],"about":[{"href":"https:\/\/www.appliansys.com\/es\/wp-json\/wp\/v2\/types\/page"}],"author":[{"embeddable":true,"href":"https:\/\/www.appliansys.com\/es\/wp-json\/wp\/v2\/users\/2"}],"replies":[{"embeddable":true,"href":"https:\/\/www.appliansys.com\/es\/wp-json\/wp\/v2\/comments?post=24146"}],"version-history":[{"count":0,"href":"https:\/\/www.appliansys.com\/es\/wp-json\/wp\/v2\/pages\/24146\/revisions"}],"up":[{"embeddable":true,"href":"https:\/\/www.appliansys.com\/es\/wp-json\/wp\/v2\/pages\/24127"}],"wp:attachment":[{"href":"https:\/\/www.appliansys.com\/es\/wp-json\/wp\/v2\/media?parent=24146"}],"curies":[{"name":"wp","href":"https:\/\/api.w.org\/{rel}","templated":true}]}}