{"id":24141,"date":"2016-06-03T10:34:49","date_gmt":"2016-06-03T10:34:49","guid":{"rendered":"https:\/\/www.appliansys.com\/es\/?page_id=24141"},"modified":"2017-09-21T09:59:13","modified_gmt":"2017-09-21T09:59:13","slug":"carerras","status":"publish","type":"page","link":"https:\/\/www.appliansys.com\/es\/empresa\/carerras\/","title":{"rendered":"Carerras"},"content":{"rendered":"<p>ApplianSys es una empresa que siempre sigue las mejores pr\u00e1cticas y que cuenta con la acreditaci\u00f3n Investors In People. Creemos firmemente en la importancia que tiene el equipo y cada una de las personas que componen ese equipo.<\/p>\n<div style=\"float: right; width: 22%; margin-left: 4%; display: block; margin-bottom: 10px; margin-top: 0px; padding: 2%; background-color: #ffffff; border-radius: 10px; box-shadow: 2px 2px 2px #707070; line-height: 150%;\">Conozca como se trabaja en ApplianSys de la mano de nuestros actuales titulados <a href=\"http:\/\/careers.www.appliansys.com\/\" target=\"_blank\" rel=\"noopener\">aqu\u00ed<\/a><\/div>\n<p>Hemos creado una cultura basada en el emprendimiento, el disfrute con nuestro trabajo y el apoyo en la que buscamos ser profesionales consolidados en todo lo que hacemos. Nuestro personal est\u00e1 compuesto por personas de m\u00e1s de 20 nacionalidades. Nuestra mentalidad internacional forma parte del disfrute que supone trabajar en esta empresa. Buscamos a personas con talento y con intereses afines para formar parte de nuestro equipo.<\/p>\n<p>Simplemente queremos a los mejores. Recompensamos muy bien a nuestro personal y tambi\u00e9n esperamos que proporcionen un rendimiento excelente. Creemos que los empleados deben ser accionistas en ApplianSys a cambio de su destacado rendimiento y solamente discriminamos por razones de competencia profesional.<\/p>\n<p><strong>Contrataci\u00f3n de personal<\/strong><br \/>\nApplianSys actualmente est\u00e1 contratando personal en todas las \u00e1reas de la empresa. Si cree que est\u00e1 cualificado para alg\u00fan puesto, env\u00ede su CV y carta de presentaci\u00f3n a <a href=\"mailto:recruitment@appliansys.com\">recruitment@appliansys.com<\/a>. Todos los puestos se ofrecen en Coventry (Reino Unido) a menos que se indique algo distinto.<\/p>\n<p><!--\n\n\n<ul>\n \t\n\n<li><strong><a title=\"Developer\" href=\"https:\/\/www.appliansys.com\/company\/employment\/employment-developer\/\">Desarrolladores<\/a>.<\/strong> Requisitos esenciales: Linux, Python, desarrollo web (HTML, Javascript, CSS), redes<\/li>\n\n\n \t\n\n<li><a title=\"Ingeniero de soporte senior\" href=\"https:\/\/www.appliansys.com\/company\/employment\/employment-senior-support-engineer\/\"><strong>Ingenieros de soporte senior.<\/strong><\/a> Requisitos esenciales: Redes avanzadas, excelentes habilidades para tratar con los clientes.<\/li>\n\n\n \t\n\n<li><a title=\"Ingeniero de soporte junior\" href=\"https:\/\/www.appliansys.com\/company\/employment\/employment-junior-support-engineer\/\"><strong>Ingenieros de soporte junior.<\/strong><\/a> Requisitos esenciales: redes, Linux, habilidad para tratar con los clientes, capacidad de mantener la calma mientras se trabaja bajo presi\u00f3n<\/li>\n\n\n \t\n\n<li><strong><a href=\"https:\/\/www.appliansys.com\/company\/employment\/employment-marketing-executive\/\">Ejecutivo experto en marketing senior.<\/a><\/strong> Requisitos esenciales: Comercializador de la industria de las redes experimentado, pensador estrat\u00e9gico, conocimientos pr\u00e1cticos sobre los componentes del marketing.<\/li>\n\n\n \t\n\n<li><a title=\"Responsable de marketing\" href=\"https:\/\/www.appliansys.com\/company\/employment\/employment-marketing-executive\/\"><strong>Responsables de marketing.<\/strong><\/a> Requisitos esenciales: intelecto riguroso, excelente comunicaci\u00f3n escriba y trabajo en equipo<\/li>\n\n\n \t\n\n<li><a title=\"Ejecutivo de ventas junior\" href=\"https:\/\/www.appliansys.com\/company\/employment\/junior-sales-executive\/\"><strong>Ejecutivos de ventas junior.<\/strong><\/a> Requisitos esenciales: al menos un expediente acad\u00e9mico de notable, intelecto s\u00f3lido, energ\u00eda, excelentes habilidades para la comunicaci\u00f3n<\/li>\n\n\n \t\n\n<li><a title=\"Reci\u00e9n licenciados\" href=\"https:\/\/www.appliansys.com\/company\/employment\/employment-graduate-trainees\/\"><strong>Reci\u00e9n licenciados.<\/strong><\/a> Requisitos esenciales: Un expediente acad\u00e9mico m\u00ednimo de notable, energ\u00eda, buenas habilidades comunicativas y trabajo en equipo.<\/li>\n\n\n \t\n\n<li><a title=\"Pr\u00e1cticas laborales\" href=\"https:\/\/www.appliansys.com\/company\/employment\/employment-apprenticeships\/\"><strong>Pr\u00e1cticas laborales.<\/strong><\/a> Requisitos esenciales: ambici\u00f3n, buenas notas, buenas habilidades comunicativas.<\/li>\n\n\n<\/ul>\n\n\n--><\/p>\n","protected":false},"excerpt":{"rendered":"<p>ApplianSys es una empresa que siempre sigue las mejores pr\u00e1cticas y que cuenta con la acreditaci\u00f3n Investors In People. Creemos firmemente en la importancia que tiene el equipo y cada una de las personas que componen ese equipo. Conozca como se trabaja en ApplianSys de la mano de nuestros actuales titulados aqu\u00ed Hemos creado una [&hellip;]<\/p>\n","protected":false},"author":2,"featured_media":0,"parent":24127,"menu_order":2,"comment_status":"open","ping_status":"open","template":"template-page-es.php","meta":[],"_links":{"self":[{"href":"https:\/\/www.appliansys.com\/es\/wp-json\/wp\/v2\/pages\/24141"}],"collection":[{"href":"https:\/\/www.appliansys.com\/es\/wp-json\/wp\/v2\/pages"}],"about":[{"href":"https:\/\/www.appliansys.com\/es\/wp-json\/wp\/v2\/types\/page"}],"author":[{"embeddable":true,"href":"https:\/\/www.appliansys.com\/es\/wp-json\/wp\/v2\/users\/2"}],"replies":[{"embeddable":true,"href":"https:\/\/www.appliansys.com\/es\/wp-json\/wp\/v2\/comments?post=24141"}],"version-history":[{"count":0,"href":"https:\/\/www.appliansys.com\/es\/wp-json\/wp\/v2\/pages\/24141\/revisions"}],"up":[{"embeddable":true,"href":"https:\/\/www.appliansys.com\/es\/wp-json\/wp\/v2\/pages\/24127"}],"wp:attachment":[{"href":"https:\/\/www.appliansys.com\/es\/wp-json\/wp\/v2\/media?parent=24141"}],"curies":[{"name":"wp","href":"https:\/\/api.w.org\/{rel}","templated":true}]}}