{"id":24139,"date":"2016-06-03T10:33:15","date_gmt":"2016-06-03T10:33:15","guid":{"rendered":"https:\/\/www.appliansys.com\/es\/?page_id=24139"},"modified":"2017-09-21T10:38:01","modified_gmt":"2017-09-21T10:38:01","slug":"equipo-directivo","status":"publish","type":"page","link":"https:\/\/www.appliansys.com\/es\/empresa\/equipo-directivo\/","title":{"rendered":"Equipo directivo"},"content":{"rendered":"<p><img loading=\"lazy\" class=\"alignleft wp-image-1921\" style=\"margin-top: 4px; margin-bottom: 140px;\" src=\"https:\/\/www.appliansys.com\/wp-content\/uploads\/2016\/04\/Mike-clark-native.png\" alt=\"Mike-clark\" width=\"105\" height=\"122\" \/><strong>Mike Clark, Director General<\/strong><br \/>\nElegido CEO en 2001, Mike posee una amplia trayectoria de m\u00e1s de 30 a\u00f1os en puestos de direcci\u00f3n. Ha trabajado en muchos sectores, en empresas peque\u00f1as y grandes, ha estado muy expuesto a todos los puestos clave de una empresa y posee una amplia experiencia en marketing estrat\u00e9gico, ventas, control financiero, dise\u00f1o organizativo y operacional, e implementaci\u00f3n de sistemas de TI.<\/p>\n<p>Anteriormente lider\u00f3 la transformaci\u00f3n de dos empresa; como asesor dirigi\u00f3 importantes proyectos de reestructuraci\u00f3n organizativa en grandes empresas, que incluy\u00f3 la transformaci\u00f3n de BP a principios de los 90, y fue jefe de desarrollo de negocios para APV, donde lider\u00f3 el marketing en 40 pa\u00edses. Durante el inicio de su carrera profesional, asumi\u00f3 varios puestos en \u00e1reas t\u00e9cnicas. Mike posee un MBA de la London Business School.<\/p>\n<hr \/>\n<p><strong><img loading=\"lazy\" class=\"alignleft wp-image-1916\" style=\"margin-top: 4px; margin-bottom: 10px;\" src=\"https:\/\/www.appliansys.com\/wp-content\/uploads\/2016\/04\/Dave-gravell-native.png\" alt=\"Dave-gravell\" width=\"105\" height=\"122\" \/><\/strong><strong><strong>Dave Gravell, Director de Desarrollo de Negocio<\/strong><br \/>\n<\/strong>Dave es el responsable de identificar oportunidades y promover el crecimiento de ApplianSys en nuevos mercados. Antes de trabajar en ApplianSys, Dave ocup\u00f3 distintos puestos relacionados con las ventas en Whitechapel Computer Works, Digital Equipment y OnStor, y planific\u00f3 las operaciones para el Norte de Europa en MIPS Computer Systems.\u00a0 Dave posee una licenciatura en f\u00edsica y un m\u00e1ster en inform\u00e1tica.<\/p>\n<hr \/>\n<p><img loading=\"lazy\" class=\"alignleft size-full wp-image-8102\" style=\"margin-top: 4px; margin-bottom: 60px;\" src=\"https:\/\/www.appliansys.com\/wp-content\/uploads\/2013\/04\/Magdalena.jpg\" alt=\"Magdalena\" width=\"105\" height=\"123\" \/><strong><strong><strong>Magdalena Jovanovic, Directora de Ventas y Jefa de Ventas de DNSBOX<\/strong><br \/>\n<\/strong><\/strong>A Magdalena le apasiona ofrecer un excelente servicio al cliente en parte debido a la experiencia que acumul\u00f3 al principio de su carrera profesional en el sector minorista del lujo, donde trabaj\u00f3 para marcas tan conocidas como Harrods y Christian Dior. Pas\u00f3 a formar parte del equipo de ventas de ApplianSys en 2005, al principio centr\u00e1ndose en las ventas de <strong>DNS<\/strong>BOX, de las que sigue estando al frente a d\u00eda de hoy. En su puesto como directora de ventas, lidera nuestro equipo internacional de profesionales dedicados a las ventas y se esfuerza para garantizar que nuestros clientes experimenten unas ventas como servicio de primera clase.<\/p>\n<hr \/>\n<p><strong><strong><strong><img loading=\"lazy\" class=\"alignleft wp-image-13765\" style=\"margin-top: 4px; margin-bottom: 230px;\" src=\"https:\/\/www.appliansys.com\/wp-content\/uploads\/2016\/04\/Roger-clark-native.png\" alt=\"Roger-Clark\" width=\"105\" height=\"122\" \/>Roger Clark, Jefe de Ventas de CACHEBOX Sales<\/strong><br \/>\n<\/strong><\/strong>Roger es un veterano en el mundo de las ventas y un todoterreno del marketing. Su experiencia profesional abarca sectores como la tecnolog\u00eda, los servicios financieros y el ocio. Pas\u00f3 la primera d\u00e9cada de su carrera profesional trabajando como fot\u00f3grafo galardonado, moldeando su fuerte vocaci\u00f3n por el cliente y creando un negocio de retratos sofisticado con el que disfrut\u00f3 del \u00e9xito.<\/p>\n<p>La pasi\u00f3n, creatividad y capacidad que demostr\u00f3 en aquellos a\u00f1os siguen estando vivas en la actualidad. Durante estos a\u00f1os, Roger ha dirigido de manera impecable una empresa dedicada al dise\u00f1o de sitios web, ha liderado el marketing de un corredor de bolsa durante 3 a\u00f1os, ha sido jefe del marketing de la British Bobsleigh and Skeleton Association, ha trabajado como asesor de ventas y marketing para una gran variedad de clientes y ha reformado un hotel rural. Fue CEO de una empresa de servicios de TI que se convirti\u00f3 en uno de los socios de canal de ApplianSys en el a\u00f1o 2004. Fue entonces cuando comenz\u00f3 a aportar sus conocimientos al consejo asesor de ApplianSys antes de pasar a formar parte de nuestro equipo a tiempo completo en el a\u00f1o 2010.<\/p>\n<hr \/>\n<p><strong><img loading=\"lazy\" class=\"alignleft wp-image-1918\" style=\"margin-top: 4px; margin-bottom: 60px;\" src=\"https:\/\/www.appliansys.com\/wp-content\/uploads\/2013\/04\/Grahame-davies.png\" alt=\"Grahame-davies\" width=\"105\" height=\"122\" \/><\/strong><strong>Grahame Davies, Presidente\u00a0 <\/strong><br \/>\nGrahame form\u00f3 parte del equipo de Demon que en 1992 fue pionero en ofrecer acceso a Internet de bajo coste en el Reino unido. Posteriormente trabaj\u00f3 como director gerente de Easynet Group plc donde fue el responsable de la estrategia de crecimiento org\u00e1nico y de las adquisiciones en el Reino Unido y en la Europa continental. Graham ha ocupado diversos puestos en el consejo de la Internet Watch Foundation y en el consejo asesor de pol\u00edticas de Nominet. Grahame es presidente no ejecutivo del London Internet Exchange (LINX), el punto de intercambio de Internet m\u00e1s grande y de m\u00e1s \u00e9xito de Europa, y presidente de ISP Lumison.<\/p>\n<hr \/>\n<p><strong><img loading=\"lazy\" class=\"alignleft wp-image-1922\" style=\"margin-top: 4px; margin-bottom: 14px;\" src=\"https:\/\/www.appliansys.com\/wp-content\/uploads\/2013\/04\/Richard-hyde.png\" alt=\"Richard-hyde\" width=\"105\" height=\"122\" \/><\/strong><strong>Richard Hyde<\/strong><br \/>\nRichard es auditor independiente y CEO de una empresa que se centra en las marcas industriales. Es director no ejecutivo de Centro, la autoridad del transporte de pasajeros de West Midlands y fue vicepresidente de Advantage West Midlands, la agencia para el desarrollo regional. Antes de ocupar su puesto actual, Richard ostent\u00f3 cargos en Price Waterhouse y 3i, donde trabaj\u00f3 con una cartera de firmas emprendedoras caracterizadas por su r\u00e1pido crecimiento.<\/p>\n<hr \/>\n<p>&nbsp;<\/p>\n<h2>Asesores especializados<\/h2>\n<p><strong><img loading=\"lazy\" class=\"alignleft wp-image-1919\" style=\"margin-top: 4px; margin-bottom: 14px;\" src=\"https:\/\/www.appliansys.com\/wp-content\/uploads\/2013\/04\/hugh-ross.png\" alt=\"hugh-ross\" width=\"105\" height=\"122\" \/><\/strong><strong><strong>Hugh Ross<\/strong><br \/>\n<\/strong>Hugh Ross es director gerente de Market Planning International, una agencia especializada en marketing. Antes de ostentar este cargo, ocup\u00f3 diversos puestos con BMRB International, Schering- Plough y ICI Fibres. Recientemente cumpli\u00f3 su sexto a\u00f1o como director no ejecutivo de Traidcraft plc, organizaci\u00f3n que fue pionera en el comercio justo en el Reino Unido. Forma parte del profesorado encargado de impartir formaci\u00f3n en el Chartered Institute of Marketing.<\/p>\n<hr \/>\n<p><strong><strong><strong><strong><strong><img loading=\"lazy\" class=\"alignleft wp-image-2432\" style=\"margin-top: 4px; margin-bottom: 60px;\" src=\"https:\/\/www.appliansys.com\/wp-content\/uploads\/2013\/04\/Rob-mugglestone.png\" alt=\"Rob-mugglestone\" width=\"105\" height=\"122\" \/><\/strong><\/strong><\/strong><\/strong><\/strong><strong><strong><strong><strong><strong>Rob Mugglestone, Asesor de RR.HH.<\/strong><br \/>\n<\/strong><\/strong><\/strong><\/strong>Despu\u00e9s de trabajar como consultor y facilitador, director de formaci\u00f3n, aprendizaje y desarrollo profesional, Rob se ha especializado en mejorar las relaciones con las empresas, ayudar a las personas a alcanzar plenamente su m\u00e1ximo potencial y hacer crecer a las organizaciones. Rob est\u00e1 acreditado por la asociaci\u00f3n de asesores de rendimiento y est\u00e1 cualificado en el uso de diversas herramientas psicol\u00f3gicas como el Myers Briggs Type Indicator y el Torbert Leadership Development Framework. Entre sus clientes destacan Coca Cola, HSBC, PriceWaterhouseCoopers, BG, Laing Rourke, Grosvenor, el Banco Central Europeo y Cadbury.<\/p>\n<hr \/>\n<p><strong><strong><strong><strong><img loading=\"lazy\" class=\"alignleft wp-image-2431\" style=\"margin-top: 4px; margin-bottom: 40px;\" src=\"https:\/\/www.appliansys.com\/wp-content\/uploads\/2016\/04\/Daniel-tulen-native.png\" alt=\"Blank-image\" width=\"105\" height=\"122\" \/><\/strong><\/strong><\/strong><\/strong><strong><strong><strong><strong>Daniel Tulen, Asesor de Gesti\u00f3n de Productos<\/strong><br \/>\n<\/strong><\/strong><\/strong>Desde el a\u00f1o 2000, Daniel ha estado trabajando en la primera l\u00ednea de la industria de los DNS, DHCP y IPAM (DDI). La amplia experiencia acumulada por Daniel como cliente, revendedor y proveedor le ha convertido en un consultor respetado en el sector. Ha participado intensamente en el desarrollo de soluciones de varios proveedores para entornos empresariales de altas prestaciones y entornos especializados peque\u00f1os. Antes de trabajar para ApplianSys como asesor especializado, Daniel cre\u00f3 el equipo de servicios profesionales para EMEA para un importante proveedor de DDI internacional.<\/p>\n<hr \/>\n<p><strong><img loading=\"lazy\" class=\"alignleft wp-image-1915\" style=\"margin-top: 4px; margin-bottom: 10px;\" src=\"https:\/\/www.appliansys.com\/wp-content\/uploads\/2013\/04\/Andy-barker.png\" alt=\"Andy-barker\" width=\"105\" height=\"122\" \/><\/strong><strong>Andy Barker, Asesor de Marketing<\/strong><br \/>\nAndy es un experto en marketing tecnol\u00f3gico y posee una amplia experiencia internacional. Antes de formar parte del equipo de ApplianSys, Andy fue jefe de productos digitales en ViewSonic Corporation. Tambi\u00e9n ha ocupado puestos de alta direcci\u00f3n en Fujitsu Siemens, Xerox Europe, Compaq, Virgin Retail y GAME Ltd.<\/p>\n<p>&nbsp;<\/p>\n<hr \/>\n<p><strong><img loading=\"lazy\" class=\"alignleft wp-image-1920\" style=\"margin-top: 4px; margin-bottom: 10px;\" src=\"https:\/\/www.appliansys.com\/wp-content\/uploads\/2013\/04\/Keith-Willey.png\" alt=\"Keith-Willey\" width=\"105\" height=\"122\" \/><\/strong><strong>Keith Willey, Asesor de Estrategia Empresarial<\/strong><br \/>\nKeith es profesor de emprendimiento y gesti\u00f3n estrat\u00e9gica e internacional en la London Business School y anteriormente ocup\u00f3 el puesto de director ejecutivo de la Foundation for Entrepreneurial Management de esta instituci\u00f3n. Lidera la gesti\u00f3n de los cursos sobre gesti\u00f3n del crecimiento de los negocios y nuevas oportunidades tecnol\u00f3gicas.<\/p>\n<p>&nbsp;<\/p>\n<hr \/>\n<p><strong><img loading=\"lazy\" class=\"alignleft wp-image-1923\" style=\"margin-top: 4px; margin-bottom: 30px;\" src=\"https:\/\/www.appliansys.com\/wp-content\/uploads\/2013\/04\/Tim-Couper.png\" alt=\"Tim-Couper\" width=\"105\" height=\"122\" \/><\/strong><strong>Dr Tim Couper, Asesor de Estrategia e Implementaci\u00f3n de Tecnolog\u00eda<\/strong><br \/>\nTim ha adquirido una gran experiencia en los \u00faltimos 20 a\u00f1os, liderando y ayudando a empresas tecnol\u00f3gicas. Ocupa cargos de asesor t\u00e9cnico y director no ejecutivo en diversas empresas de sistemas y software, y sigue siendo demandado a nivel internacional como consultor, l\u00edder\/mentor de equipos y portavoz en el Reino Unido, Europa y EE.UU. Tim realiz\u00f3 su doctorado en matem\u00e1ticas en la Universidad de Oxford.<\/p>\n<hr \/>\n<p><strong><img loading=\"lazy\" class=\"alignleft wp-image-1917\" style=\"margin-top: 4px; margin-bottom: 4px;\" src=\"https:\/\/www.appliansys.com\/wp-content\/uploads\/2013\/04\/ed-moore.png\" alt=\"ed-moore\" width=\"105\" height=\"122\" \/><\/strong><strong>Ed Moore, Fundador<\/strong><br \/>\nEd Moore es un emprendedor con una larga trayectoria en la creaci\u00f3n de startups tecnol\u00f3gicas. Anteriormente fue socio del fondo de capital-riesgo Frontiers Capital, donde fue el responsable de las aportaciones t\u00e9cnicas y de las evaluaciones de due diligence. Posee 15 a\u00f1os de experiencia en gesti\u00f3n de operaciones de TI despu\u00e9s de haber trabajado para Carphone Warehouse, el Banco de Inglaterra, SmithKline Beecham, Union Bank of Switzerland y 3Com.<\/p>\n","protected":false},"excerpt":{"rendered":"<p>Mike Clark, Director General Elegido CEO en 2001, Mike posee una amplia trayectoria de m\u00e1s de 30 a\u00f1os en puestos de direcci\u00f3n. Ha trabajado en muchos sectores, en empresas peque\u00f1as y grandes, ha estado muy expuesto a todos los puestos clave de una empresa y posee una amplia experiencia en marketing estrat\u00e9gico, ventas, control financiero, [&hellip;]<\/p>\n","protected":false},"author":2,"featured_media":0,"parent":24127,"menu_order":1,"comment_status":"open","ping_status":"open","template":"template-page-es.php","meta":[],"_links":{"self":[{"href":"https:\/\/www.appliansys.com\/es\/wp-json\/wp\/v2\/pages\/24139"}],"collection":[{"href":"https:\/\/www.appliansys.com\/es\/wp-json\/wp\/v2\/pages"}],"about":[{"href":"https:\/\/www.appliansys.com\/es\/wp-json\/wp\/v2\/types\/page"}],"author":[{"embeddable":true,"href":"https:\/\/www.appliansys.com\/es\/wp-json\/wp\/v2\/users\/2"}],"replies":[{"embeddable":true,"href":"https:\/\/www.appliansys.com\/es\/wp-json\/wp\/v2\/comments?post=24139"}],"version-history":[{"count":0,"href":"https:\/\/www.appliansys.com\/es\/wp-json\/wp\/v2\/pages\/24139\/revisions"}],"up":[{"embeddable":true,"href":"https:\/\/www.appliansys.com\/es\/wp-json\/wp\/v2\/pages\/24127"}],"wp:attachment":[{"href":"https:\/\/www.appliansys.com\/es\/wp-json\/wp\/v2\/media?parent=24139"}],"curies":[{"name":"wp","href":"https:\/\/api.w.org\/{rel}","templated":true}]}}