{"id":24127,"date":"2016-06-03T09:41:03","date_gmt":"2016-06-03T09:41:03","guid":{"rendered":"https:\/\/www.appliansys.com\/es\/?page_id=24127"},"modified":"2017-09-21T09:56:38","modified_gmt":"2017-09-21T09:56:38","slug":"empresa","status":"publish","type":"page","link":"https:\/\/www.appliansys.com\/es\/empresa\/","title":{"rendered":"Empresa"},"content":{"rendered":"<p>ApplianSys es un especialista en appliances de servidor con sede en Reino Unido que dise\u00f1a, fabrica y comercializa una gran variedad de appliances de red. Fundada en el 2000, contamos con clientes en 150 pa\u00edses y una red de socios de canal repartidos por todo el mundo.<\/p>\n<p><a href=\"https:\/\/www.appliansys.com\/wp-content\/uploads\/2013\/04\/global-ApplianSys-Coverage-Map.png\" rel=\"lightbox-0\"><img loading=\"lazy\" class=\"wp-image-4535 alignleft\" style=\"margin-top: 8px; margin-bottom: 8px;\" src=\"https:\/\/www.appliansys.com\/wp-content\/uploads\/2013\/04\/global-ApplianSys-Coverage-Map-sm.png\" alt=\"Mapa de clientes de ApplianSys\" width=\"180\" height=\"110\" \/><\/a>ApplianSys analiza los problemas m\u00e1s importantes en el \u00e1mbito de las redes y la seguridad a los que se enfrentan los administradores de redes e identifica aquellas \u00e1reas en las que las soluciones basadas en appliances podr\u00edan facilitar su d\u00eda a d\u00eda. Seguidamente seleccionamos las mejores tecnolog\u00edas y las incorporamos en los appliances de servidor. M\u00e1s tarde nuestro objetivo es vender y ofrecer el servicio a nuestros clientes de una manera que tambi\u00e9n facilite sus vidas.<\/p>\n<h2>Facilitando su trabajo&#8230;y ahorr\u00e1ndole dinero<\/h2>\n<p>Nuestra misi\u00f3n es facilitar el trabajo diario de los gerentes de TI (y contentar a sus directores financieros) mediante la creaci\u00f3n de appliances que cumplen el cometido de los appliances:<\/p>\n<ul>\n<li>Facilitar la implementaci\u00f3n y administraci\u00f3n de los servidores, lograr que sean m\u00e1s fiables y seguros<\/li>\n<li>Reducir los costes de adquisici\u00f3n, los costes operativos y los quebraderos de cabeza que muchas veces implica la gesti\u00f3n<\/li>\n<\/ul>\n<p>No todos los appliances logran con el mismo grado de \u00e9xito estos objetivos. Nos proponemos obtener negocios creando appliances que cumplan estos objetivos mejor de lo que lo hacen nuestros competidores. Dise\u00f1amos soluciones que cumplen su funci\u00f3n y evitamos incluir caracter\u00edsticas que no sirven para mucho en la mayor\u00eda de las ocasiones, y el exceso de especificaciones que gusta vender al personal de ventas pero que los usuarios finales realmente nunca utilizan. El testimonio de administradores de redes experimentados que trabajan en distintas partes del mundo sugiere que estamos consiguiendo nuestro objetivo.<\/p>\n<p><img loading=\"lazy\" class=\"aligncenter size-full wp-image-11180\" src=\"https:\/\/www.appliansys.com\/wp-content\/uploads\/2013\/04\/company-quote.png\" alt=\"company-quote\" width=\"650\" height=\"83\" srcset=\"https:\/\/www.appliansys.com\/wp-content\/uploads\/2013\/04\/company-quote.png 650w, https:\/\/www.appliansys.com\/wp-content\/uploads\/2013\/04\/company-quote-300x38.png 300w, https:\/\/www.appliansys.com\/wp-content\/uploads\/2013\/04\/company-quote-624x79.png 624w\" sizes=\"(max-width: 650px) 100vw, 650px\" \/><\/p>\n<h2>ApplianSys gana negocios respaldando sus productos con un servicio sobresaliente<\/h2>\n<p>Nuestro razonamiento es que si los productos que facilitan nuestro trabajo nos ayudan a ganar negocios, lo mismo suceder\u00e1 en el caso del servicio:<\/p>\n<ul>\n<li><strong>ApplianSys no se dedica solamente a vender productos:<\/strong> nosotros aportamos soluciones. Ofrecemos nuestra amplia experiencia para facilitar todav\u00eda m\u00e1s la implementaci\u00f3n de una nueva soluci\u00f3n basada en appliances. Nuestros destacados conocimientos t\u00e9cnicos est\u00e1n a disposici\u00f3n de nuestros clientes para que puedan beneficiarse tanto durante la fase de asesoramiento como durante la fase de soporte postventa. Siempre tendr\u00e1 acceso a expertos t\u00e9cnicos de segunda o tercera l\u00ednea cuando los necesite.<\/li>\n<li><strong>ApplianSys se caracteriza por su flexibilidad en cuanto al servicio y el soporte.<\/strong> Intentamos b\u00e1sicamente proporcionar a nuestros clientes lo que nos demandan. A veces, a los clientes les gustan caracter\u00edsticas con las que en un determinado momento no cuentan nuestros productos. Nuestra trayectoria profesional demuestra nuestra experiencia en implementar r\u00e1pidamente estas nuevas caracter\u00edsticas en las siguientes versiones.<\/li>\n<li><strong>Tratamos las ventas como si fuesen un servicio. Nos centramos en el valor.<\/strong> Evitamos alabar en exceso el producto y ayudamos a nuestros clientes a que ahorren dinero. Le animamos a que se ponga en contacto directamente con nosotros. \u00a1Queremos hacerle m\u00e1s f\u00e1cil el proceso de ventas!<\/li>\n<\/ul>\n","protected":false},"excerpt":{"rendered":"<p>ApplianSys es un especialista en appliances de servidor con sede en Reino Unido que dise\u00f1a, fabrica y comercializa una gran variedad de appliances de red. Fundada en el 2000, contamos con clientes en 150 pa\u00edses y una red de socios de canal repartidos por todo el mundo. ApplianSys analiza los problemas m\u00e1s importantes en el [&hellip;]<\/p>\n","protected":false},"author":2,"featured_media":0,"parent":0,"menu_order":0,"comment_status":"open","ping_status":"closed","template":"template-page-es.php","meta":[],"_links":{"self":[{"href":"https:\/\/www.appliansys.com\/es\/wp-json\/wp\/v2\/pages\/24127"}],"collection":[{"href":"https:\/\/www.appliansys.com\/es\/wp-json\/wp\/v2\/pages"}],"about":[{"href":"https:\/\/www.appliansys.com\/es\/wp-json\/wp\/v2\/types\/page"}],"author":[{"embeddable":true,"href":"https:\/\/www.appliansys.com\/es\/wp-json\/wp\/v2\/users\/2"}],"replies":[{"embeddable":true,"href":"https:\/\/www.appliansys.com\/es\/wp-json\/wp\/v2\/comments?post=24127"}],"version-history":[{"count":0,"href":"https:\/\/www.appliansys.com\/es\/wp-json\/wp\/v2\/pages\/24127\/revisions"}],"wp:attachment":[{"href":"https:\/\/www.appliansys.com\/es\/wp-json\/wp\/v2\/media?parent=24127"}],"curies":[{"name":"wp","href":"https:\/\/api.w.org\/{rel}","templated":true}]}}